{"id":2880,"date":"2025-04-02T10:31:22","date_gmt":"2025-04-02T10:31:22","guid":{"rendered":"https:\/\/ko-antinuisibles.fr\/?page_id=2880"},"modified":"2025-04-04T18:36:27","modified_gmt":"2025-04-04T18:36:27","slug":"desinfection-2","status":"publish","type":"page","link":"https:\/\/ko-antinuisibles.fr\/?page_id=2880","title":{"rendered":"D\u00e9sinfection"},"content":{"rendered":"\t\t<div data-elementor-type=\"wp-page\" data-elementor-id=\"2880\" class=\"elementor elementor-2880\">\n\t\t\t\t<div class=\"elementor-element elementor-element-6f5d792 e-con-full e-flex e-con e-parent\" data-id=\"6f5d792\" data-element_type=\"container\" data-settings=\"{&quot;background_background&quot;:&quot;classic&quot;}\">\n\t\t<div class=\"elementor-element elementor-element-a0e43f3 e-flex e-con-boxed e-con e-child\" data-id=\"a0e43f3\" data-element_type=\"container\">\n\t\t\t\t\t<div class=\"e-con-inner\">\n\t\t\t\t<div class=\"elementor-element elementor-element-5755a69 elementor-hidden-tablet elementor-hidden-mobile elementor-invisible elementor-widget elementor-widget-heading\" data-id=\"5755a69\" data-element_type=\"widget\" data-settings=\"{&quot;_animation&quot;:&quot;slideInLeft&quot;}\" data-widget_type=\"heading.default\">\n\t\t\t\t<div class=\"elementor-widget-container\">\n\t\t\t\t\t<h1 class=\"elementor-heading-title elementor-size-default\">KO Antinuisibles 69<\/h1>\t\t\t\t<\/div>\n\t\t\t\t<\/div>\n\t\t\t\t<div class=\"elementor-element elementor-element-36b9ee3 elementor-widget__width-initial elementor-widget elementor-widget-text-editor\" data-id=\"36b9ee3\" data-element_type=\"widget\" data-widget_type=\"text-editor.default\">\n\t\t\t\t<div class=\"elementor-widget-container\">\n\t\t\t\t\t\t\t\t\t<p><span style=\"font-size: 24px;\"><strong>Retrouvez un environnement <span style=\"color: #00c951;\">sain<\/span> et <span style=\"color: #00c951;\">s\u00e9curis\u00e9<\/span> gr\u00e2ce \u00e0 nos interventions <span style=\"color: #00c951;\">professionnelles<\/span> de <span style=\"color: #00c951;\">d\u00e9sinfection<\/span>. Nous \u00e9liminons <span style=\"color: #00c951;\">virus<\/span>, <span style=\"color: #00c951;\">bact\u00e9ries<\/span> et <span style=\"color: #00c951;\">germes<\/span> efficacement, prot\u00e9geant votre <span style=\"color: #00c951;\">sant\u00e9<\/span> au quotidien.<br \/><\/strong><br \/><\/span><\/p>\t\t\t\t\t\t\t\t<\/div>\n\t\t\t\t<\/div>\n\t\t\t\t<div class=\"elementor-element elementor-element-b02c64c elementor-widget elementor-widget-button\" data-id=\"b02c64c\" data-element_type=\"widget\" data-widget_type=\"button.default\">\n\t\t\t\t<div class=\"elementor-widget-container\">\n\t\t\t\t\t\t\t\t\t<div class=\"elementor-button-wrapper\">\n\t\t\t\t\t<a class=\"elementor-button elementor-button-link elementor-size-sm\" href=\"#solutions\">\n\t\t\t\t\t\t<span class=\"elementor-button-content-wrapper\">\n\t\t\t\t\t\t\t\t\t<span class=\"elementor-button-text\">D\u00e9couvrez nos m\u00e9thodes<\/span>\n\t\t\t\t\t<\/span>\n\t\t\t\t\t<\/a>\n\t\t\t\t<\/div>\n\t\t\t\t\t\t\t\t<\/div>\n\t\t\t\t<\/div>\n\t\t\t\t\t<\/div>\n\t\t\t\t<\/div>\n\t\t\t\t<\/div>\n\t\t<div class=\"elementor-element elementor-element-fcbd5e1 e-flex e-con-boxed e-con e-parent\" data-id=\"fcbd5e1\" data-element_type=\"container\">\n\t\t\t\t\t<div class=\"e-con-inner\">\n\t\t<div class=\"elementor-element elementor-element-6c814d8 e-con-full e-flex e-con e-child\" data-id=\"6c814d8\" data-element_type=\"container\">\n\t\t\t\t<div class=\"elementor-element elementor-element-7b0977d e-transform elementor-invisible elementor-widget elementor-widget-heading\" data-id=\"7b0977d\" data-element_type=\"widget\" data-settings=\"{&quot;_animation&quot;:&quot;fadeInDown&quot;,&quot;_animation_delay&quot;:200,&quot;_transform_translateX_effect&quot;:{&quot;unit&quot;:&quot;px&quot;,&quot;size&quot;:6,&quot;sizes&quot;:[]},&quot;_transform_translateY_effect&quot;:{&quot;unit&quot;:&quot;px&quot;,&quot;size&quot;:40,&quot;sizes&quot;:[]},&quot;_transform_translateX_effect_mobile&quot;:{&quot;unit&quot;:&quot;px&quot;,&quot;size&quot;:10,&quot;sizes&quot;:[]},&quot;_transform_translateY_effect_mobile&quot;:{&quot;unit&quot;:&quot;px&quot;,&quot;size&quot;:30,&quot;sizes&quot;:[]},&quot;_transform_translateX_effect_tablet&quot;:{&quot;unit&quot;:&quot;px&quot;,&quot;size&quot;:&quot;&quot;,&quot;sizes&quot;:[]},&quot;_transform_translateY_effect_tablet&quot;:{&quot;unit&quot;:&quot;px&quot;,&quot;size&quot;:&quot;&quot;,&quot;sizes&quot;:[]}}\" data-widget_type=\"heading.default\">\n\t\t\t\t<div class=\"elementor-widget-container\">\n\t\t\t\t\t<h2 class=\"elementor-heading-title elementor-size-default\">VOTRE PROBL\u00c8ME<\/h2>\t\t\t\t<\/div>\n\t\t\t\t<\/div>\n\t\t\t\t<div class=\"elementor-element elementor-element-40dc679 elementor-invisible elementor-widget elementor-widget-heading\" data-id=\"40dc679\" data-element_type=\"widget\" data-settings=\"{&quot;_animation&quot;:&quot;fadeInDown&quot;}\" data-widget_type=\"heading.default\">\n\t\t\t\t<div class=\"elementor-widget-container\">\n\t\t\t\t\t<h2 class=\"elementor-heading-title elementor-size-default\">VOTRE PROBL\u00c8ME<\/h2>\t\t\t\t<\/div>\n\t\t\t\t<\/div>\n\t\t\t\t<\/div>\n\t\t\t\t<div class=\"elementor-element elementor-element-b66ef04 elementor-widget__width-initial elementor-widget elementor-widget-text-editor\" data-id=\"b66ef04\" data-element_type=\"widget\" data-widget_type=\"text-editor.default\">\n\t\t\t\t<div class=\"elementor-widget-container\">\n\t\t\t\t\t\t\t\t\t<p style=\"font-size: 18px; line-height: 1.5;\">La prolif\u00e9ration de <span style=\"color: #00c951; font-weight: bold;\">virus<\/span> <strong>et<\/strong> <span style=\"color: #00c951; font-weight: bold;\">bact\u00e9ries<\/span> dans les habitations ou locaux professionnels entra\u00eene des risques sanitaires importants : <span style=\"color: #00c951; font-weight: bold;\">maladies<\/span>, <span style=\"color: #00c951; font-weight: bold;\">allergies<\/span> et d\u00e9gradation de la <span style=\"color: #00c951; font-weight: bold;\">qualit\u00e9 de vie<\/span>. Ces micro-organismes se propagent rapidement sur toutes les surfaces, contaminant durablement les espaces int\u00e9rieurs.<\/p><p><strong><span style=\"font-size: 16px;\">Gr\u00e2ce \u00e0 un traitement professionnel <span style=\"color: #00c951;\">virucide<\/span> et <\/span><\/strong><strong><span style=\"font-size: 16px;\"><span style=\"color: #00c951;\">bact\u00e9ricide<\/span> <\/span><\/strong><strong><span style=\"font-size: 16px;\">nous \u00e9liminons efficacement ces agents pathog\u00e8nes, garantissant un environnement <span style=\"color: #00c951;\">sain<\/span>, <span style=\"color: #00c951;\">s\u00e9curis\u00e9<\/span> et durablement prot\u00e9g\u00e9.<\/span><\/strong><\/p>\t\t\t\t\t\t\t\t<\/div>\n\t\t\t\t<\/div>\n\t\t\t\t\t<\/div>\n\t\t\t\t<\/div>\n\t\t<div class=\"elementor-element elementor-element-ec005a0 e-flex e-con-boxed e-con e-parent\" data-id=\"ec005a0\" data-element_type=\"container\">\n\t\t\t\t\t<div class=\"e-con-inner\">\n\t\t<div class=\"elementor-element elementor-element-38cab71 e-con-full e-flex e-con e-child\" data-id=\"38cab71\" data-element_type=\"container\">\n\t\t<div class=\"elementor-element elementor-element-c12d1fe e-con-full e-flex e-con e-child\" data-id=\"c12d1fe\" data-element_type=\"container\" id=\"solutions\">\n\t\t\t\t<div class=\"elementor-element elementor-element-bbbd474 e-transform elementor-invisible elementor-widget elementor-widget-heading\" data-id=\"bbbd474\" data-element_type=\"widget\" data-settings=\"{&quot;_animation&quot;:&quot;fadeInDown&quot;,&quot;_animation_delay&quot;:200,&quot;_transform_translateX_effect&quot;:{&quot;unit&quot;:&quot;px&quot;,&quot;size&quot;:6,&quot;sizes&quot;:[]},&quot;_transform_translateY_effect&quot;:{&quot;unit&quot;:&quot;px&quot;,&quot;size&quot;:40,&quot;sizes&quot;:[]},&quot;_transform_translateX_effect_mobile&quot;:{&quot;unit&quot;:&quot;px&quot;,&quot;size&quot;:10,&quot;sizes&quot;:[]},&quot;_transform_translateY_effect_mobile&quot;:{&quot;unit&quot;:&quot;px&quot;,&quot;size&quot;:30,&quot;sizes&quot;:[]},&quot;_transform_translateX_effect_tablet&quot;:{&quot;unit&quot;:&quot;px&quot;,&quot;size&quot;:&quot;&quot;,&quot;sizes&quot;:[]},&quot;_transform_translateY_effect_tablet&quot;:{&quot;unit&quot;:&quot;px&quot;,&quot;size&quot;:&quot;&quot;,&quot;sizes&quot;:[]}}\" data-widget_type=\"heading.default\">\n\t\t\t\t<div class=\"elementor-widget-container\">\n\t\t\t\t\t<h2 class=\"elementor-heading-title elementor-size-default\">NOS SOLUTIONS<\/h2>\t\t\t\t<\/div>\n\t\t\t\t<\/div>\n\t\t\t\t<div class=\"elementor-element elementor-element-fc903ab elementor-invisible elementor-widget elementor-widget-heading\" data-id=\"fc903ab\" data-element_type=\"widget\" data-settings=\"{&quot;_animation&quot;:&quot;fadeInDown&quot;}\" data-widget_type=\"heading.default\">\n\t\t\t\t<div class=\"elementor-widget-container\">\n\t\t\t\t\t<h2 class=\"elementor-heading-title elementor-size-default\">NOS SOLUTIONS<\/h2>\t\t\t\t<\/div>\n\t\t\t\t<\/div>\n\t\t\t\t<\/div>\n\t\t\t\t<div class=\"elementor-element elementor-element-944437d elementor-widget__width-initial elementor-widget elementor-widget-text-editor\" data-id=\"944437d\" data-element_type=\"widget\" data-widget_type=\"text-editor.default\">\n\t\t\t\t<div class=\"elementor-widget-container\">\n\t\t\t\t\t\t\t\t\t<p style=\"font-size: 18px; line-height: 1.5;\"><span style=\"font-size: 16px;\">Notre intervention de <strong style=\"color: #00c951;\">d\u00e9sinfection professionnelle<\/strong> inclut une <strong style=\"color: #00c951;\">\u00e9valuation compl\u00e8te<\/strong> du site \u00e0 d\u00e9sinfecter (habitation, bureaux, commerces, \u00e9tablissements de sant\u00e9, etc.). Nous proc\u00e9dons \u00e0 l&rsquo;<strong style=\"color: #00c951;\">identification pr\u00e9cise<\/strong> des zones \u00e0 risque et des surfaces les plus expos\u00e9es afin de garantir une efficacit\u00e9 optimale. Enfin, nous s\u00e9lectionnons la <strong style=\"color: #00c951;\">m\u00e9thode de d\u00e9sinfection<\/strong> la plus adapt\u00e9e selon vos besoins et conform\u00e9ment aux normes en vigueur.<\/span><\/p>\t\t\t\t\t\t\t\t<\/div>\n\t\t\t\t<\/div>\n\t\t\t\t<\/div>\n\t\t\t\t\t<\/div>\n\t\t\t\t<\/div>\n\t\t<div class=\"elementor-element elementor-element-63017e7 e-flex e-con-boxed e-con e-parent\" data-id=\"63017e7\" data-element_type=\"container\">\n\t\t\t\t\t<div class=\"e-con-inner\">\n\t\t<div class=\"elementor-element elementor-element-60877c7 e-con-full e-flex e-con e-child\" data-id=\"60877c7\" data-element_type=\"container\">\n\t\t<div class=\"elementor-element elementor-element-6dbfec1 e-con-full e-flex e-con e-child\" data-id=\"6dbfec1\" data-element_type=\"container\">\n\t\t\t\t<div class=\"elementor-element elementor-element-c4813ee e-transform elementor-invisible elementor-widget elementor-widget-heading\" data-id=\"c4813ee\" data-element_type=\"widget\" data-settings=\"{&quot;_animation&quot;:&quot;fadeInDown&quot;,&quot;_animation_delay&quot;:200,&quot;_transform_translateX_effect&quot;:{&quot;unit&quot;:&quot;px&quot;,&quot;size&quot;:6,&quot;sizes&quot;:[]},&quot;_transform_translateY_effect&quot;:{&quot;unit&quot;:&quot;px&quot;,&quot;size&quot;:40,&quot;sizes&quot;:[]},&quot;_transform_translateX_effect_mobile&quot;:{&quot;unit&quot;:&quot;px&quot;,&quot;size&quot;:10,&quot;sizes&quot;:[]},&quot;_transform_translateY_effect_mobile&quot;:{&quot;unit&quot;:&quot;px&quot;,&quot;size&quot;:30,&quot;sizes&quot;:[]},&quot;_transform_translateX_effect_tablet&quot;:{&quot;unit&quot;:&quot;px&quot;,&quot;size&quot;:&quot;&quot;,&quot;sizes&quot;:[]},&quot;_transform_translateY_effect_tablet&quot;:{&quot;unit&quot;:&quot;px&quot;,&quot;size&quot;:&quot;&quot;,&quot;sizes&quot;:[]}}\" data-widget_type=\"heading.default\">\n\t\t\t\t<div class=\"elementor-widget-container\">\n\t\t\t\t\t<h2 class=\"elementor-heading-title elementor-size-default\">PROC\u00c9D\u00c9 DE D\u00c9SINFECTION<\/h2>\t\t\t\t<\/div>\n\t\t\t\t<\/div>\n\t\t\t\t<div class=\"elementor-element elementor-element-539ac12 elementor-invisible elementor-widget elementor-widget-heading\" data-id=\"539ac12\" data-element_type=\"widget\" data-settings=\"{&quot;_animation&quot;:&quot;fadeInDown&quot;}\" data-widget_type=\"heading.default\">\n\t\t\t\t<div class=\"elementor-widget-container\">\n\t\t\t\t\t<h2 class=\"elementor-heading-title elementor-size-default\">PROC\u00c9D\u00c9 DE D\u00c9SINFECTION<\/h2>\t\t\t\t<\/div>\n\t\t\t\t<\/div>\n\t\t\t\t<\/div>\n\t\t\t\t<div class=\"elementor-element elementor-element-03b3cd4 elementor-widget__width-initial elementor-widget elementor-widget-text-editor\" data-id=\"03b3cd4\" data-element_type=\"widget\" data-widget_type=\"text-editor.default\">\n\t\t\t\t<div class=\"elementor-widget-container\">\n\t\t\t\t\t\t\t\t\t<p style=\"font-size: 18px; line-height: 1.5;\"><span style=\"font-size: 16px;\"><strong style=\"color: #00c951;\">D\u00e9sinfection par pulv\u00e9risation ou n\u00e9bulisation :<\/strong> diffusion de produits d\u00e9sinfectants dans l\u2019air pour atteindre toutes les surfaces.<\/span><br \/><br \/><\/p><p><span style=\"font-size: 16px;\"><strong style=\"color: #00c951;\">D\u00e9sinfection des surfaces de contact :<\/strong> traitement des zones sensibles (poign\u00e9es, interrupteurs, mobiliers, etc.).<\/span><br \/><br \/><\/p><p><span style=\"font-size: 16px;\"><strong style=\"color: #00c951;\">Utilisation de produits homologu\u00e9s :<\/strong> solutions conformes aux r\u00e9glementations sanitaires et efficaces contre <strong style=\"color: #00c951;\">bact\u00e9ries<\/strong>, <strong style=\"color: #00c951;\">virus (dont la COVID-19)<\/strong> et <strong style=\"color: #00c951;\">champignons<\/strong>.<\/span><\/p>\t\t\t\t\t\t\t\t<\/div>\n\t\t\t\t<\/div>\n\t\t\t\t<\/div>\n\t\t<div class=\"elementor-element elementor-element-2c35fd7 e-con-full e-flex e-con e-child\" data-id=\"2c35fd7\" data-element_type=\"container\">\n\t\t<div class=\"elementor-element elementor-element-0db3dca e-con-full e-flex e-con e-child\" data-id=\"0db3dca\" data-element_type=\"container\">\n\t\t\t\t<div class=\"elementor-element elementor-element-190876a e-transform elementor-invisible elementor-widget elementor-widget-heading\" data-id=\"190876a\" data-element_type=\"widget\" data-settings=\"{&quot;_animation&quot;:&quot;fadeInDown&quot;,&quot;_animation_delay&quot;:200,&quot;_transform_translateX_effect&quot;:{&quot;unit&quot;:&quot;px&quot;,&quot;size&quot;:6,&quot;sizes&quot;:[]},&quot;_transform_translateY_effect&quot;:{&quot;unit&quot;:&quot;px&quot;,&quot;size&quot;:40,&quot;sizes&quot;:[]},&quot;_transform_translateX_effect_mobile&quot;:{&quot;unit&quot;:&quot;px&quot;,&quot;size&quot;:10,&quot;sizes&quot;:[]},&quot;_transform_translateY_effect_mobile&quot;:{&quot;unit&quot;:&quot;px&quot;,&quot;size&quot;:30,&quot;sizes&quot;:[]},&quot;_transform_translateX_effect_tablet&quot;:{&quot;unit&quot;:&quot;px&quot;,&quot;size&quot;:&quot;&quot;,&quot;sizes&quot;:[]},&quot;_transform_translateY_effect_tablet&quot;:{&quot;unit&quot;:&quot;px&quot;,&quot;size&quot;:&quot;&quot;,&quot;sizes&quot;:[]}}\" data-widget_type=\"heading.default\">\n\t\t\t\t<div class=\"elementor-widget-container\">\n\t\t\t\t\t<h2 class=\"elementor-heading-title elementor-size-default\">SUIVI ET PR\u00c9VENTION<\/h2>\t\t\t\t<\/div>\n\t\t\t\t<\/div>\n\t\t\t\t<div class=\"elementor-element elementor-element-7cbc32b elementor-invisible elementor-widget elementor-widget-heading\" data-id=\"7cbc32b\" data-element_type=\"widget\" data-settings=\"{&quot;_animation&quot;:&quot;fadeInDown&quot;}\" data-widget_type=\"heading.default\">\n\t\t\t\t<div class=\"elementor-widget-container\">\n\t\t\t\t\t<h2 class=\"elementor-heading-title elementor-size-default\">SUIVI ET PR\u00c9VENTION<\/h2>\t\t\t\t<\/div>\n\t\t\t\t<\/div>\n\t\t\t\t<\/div>\n\t\t\t\t<div class=\"elementor-element elementor-element-0d61d74 elementor-widget__width-initial elementor-widget elementor-widget-text-editor\" data-id=\"0d61d74\" data-element_type=\"widget\" data-widget_type=\"text-editor.default\">\n\t\t\t\t<div class=\"elementor-widget-container\">\n\t\t\t\t\t\t\t\t\t<p style=\"font-size: 18px; line-height: 1.5;\"><span style=\"font-size: 18px;\"><strong style=\"color: #00c951;\">Remise d\u2019un certificat de d\u00e9sinfection<\/strong> pour les entreprises et \u00e9tablissements recevant du public. <\/span><span style=\"font-size: 18px;\"><strong style=\"color: #00c951;\">Conseils<\/strong> pour maintenir un <strong style=\"color: #00c951;\">environnement sain<\/strong> et pr\u00e9venir les contaminations.<\/span><br \/><br \/><\/p><p><span style=\"font-size: 18px;\"><strong style=\"color: #00c951;\">Mise en place de protocoles de nettoyage<\/strong> et recommandations sur les fr\u00e9quences d\u2019entretien.<\/span><br \/><br \/><\/p><p><span style=\"font-size: 18px;\"><strong>KO-Antinuisibles<\/strong> s\u2019engage \u00e0 garantir des espaces <strong style=\"color: #00c951;\">propres<\/strong> et <strong style=\"color: #00c951;\">s\u00e9curis\u00e9s<\/strong> gr\u00e2ce \u00e0 des techniques de <strong style=\"color: #00c951;\">d\u00e9sinfection professionnelles<\/strong> adapt\u00e9es \u00e0 chaque situation.<\/span><\/p>\t\t\t\t\t\t\t\t<\/div>\n\t\t\t\t<\/div>\n\t\t\t\t<\/div>\n\t\t\t\t<div class=\"elementor-element elementor-element-e4f9434 elementor-widget elementor-widget-html\" data-id=\"e4f9434\" data-element_type=\"widget\" data-widget_type=\"html.default\">\n\t\t\t\t<div class=\"elementor-widget-container\">\n\t\t\t\t\t<style>\n        .floating-phone {\n            position: fixed;\n            bottom: 20px;\n            left: 20px;\n            background-color: #4CAF50;\n            color: white;\n            padding: 10px 15px;\n            border-radius: 30px;\n            box-shadow: 0 4px 8px rgba(0,0,0,0.3);\n            font-family: Arial, sans-serif;\n            font-size: 16px;\n            text-decoration: none;\n            display: flex;\n            align-items: center;\n            transition: background-color 0.3s;\n            z-index: 1000;\n        }\n\n        .floating-phone:hover {\n            background-color: #45a049;\n        }\n\n        .phone-icon {\n            margin-right: 8px;\n            font-size: 20px;\n        }\n    <\/style>\n\n<a href=\"tel:+33769934224\" class=\"floating-phone\">\n        <i class=\"fa-solid fa-phone phone-icon\"><\/i>\n        07 69 93 42 24\n<\/a>\t\t\t\t<\/div>\n\t\t\t\t<\/div>\n\t\t\t\t\t<\/div>\n\t\t\t\t<\/div>\n\t\t\t\t<\/div>\n\t\t","protected":false},"excerpt":{"rendered":"<p>KO Antinuisibles 69 Retrouvez un environnement sain et s\u00e9curis\u00e9 gr\u00e2ce \u00e0 nos interventions professionnelles de d\u00e9sinfection. Nous \u00e9liminons virus, bact\u00e9ries et germes efficacement, prot\u00e9geant votre sant\u00e9 au quotidien. D\u00e9couvrez nos m\u00e9thodes VOTRE PROBL\u00c8ME VOTRE PROBL\u00c8ME La prolif\u00e9ration de virus et bact\u00e9ries dans les habitations ou locaux professionnels entra\u00eene des risques sanitaires importants : maladies, allergies [&hellip;]<\/p>\n","protected":false},"author":1,"featured_media":0,"parent":0,"menu_order":0,"comment_status":"closed","ping_status":"closed","template":"","meta":{"ocean_post_layout":"","ocean_both_sidebars_style":"","ocean_both_sidebars_content_width":0,"ocean_both_sidebars_sidebars_width":0,"ocean_sidebar":"","ocean_second_sidebar":"","ocean_disable_margins":"enable","ocean_add_body_class":"","ocean_shortcode_before_top_bar":"","ocean_shortcode_after_top_bar":"","ocean_shortcode_before_header":"","ocean_shortcode_after_header":"","ocean_has_shortcode":"","ocean_shortcode_after_title":"","ocean_shortcode_before_footer_widgets":"","ocean_shortcode_after_footer_widgets":"","ocean_shortcode_before_footer_bottom":"","ocean_shortcode_after_footer_bottom":"","ocean_display_top_bar":"default","ocean_display_header":"default","ocean_header_style":"","ocean_center_header_left_menu":"","ocean_custom_header_template":"","ocean_custom_logo":0,"ocean_custom_retina_logo":0,"ocean_custom_logo_max_width":0,"ocean_custom_logo_tablet_max_width":0,"ocean_custom_logo_mobile_max_width":0,"ocean_custom_logo_max_height":0,"ocean_custom_logo_tablet_max_height":0,"ocean_custom_logo_mobile_max_height":0,"ocean_header_custom_menu":"","ocean_menu_typo_font_family":"","ocean_menu_typo_font_subset":"","ocean_menu_typo_font_size":0,"ocean_menu_typo_font_size_tablet":0,"ocean_menu_typo_font_size_mobile":0,"ocean_menu_typo_font_size_unit":"px","ocean_menu_typo_font_weight":"","ocean_menu_typo_font_weight_tablet":"","ocean_menu_typo_font_weight_mobile":"","ocean_menu_typo_transform":"","ocean_menu_typo_transform_tablet":"","ocean_menu_typo_transform_mobile":"","ocean_menu_typo_line_height":0,"ocean_menu_typo_line_height_tablet":0,"ocean_menu_typo_line_height_mobile":0,"ocean_menu_typo_line_height_unit":"","ocean_menu_typo_spacing":0,"ocean_menu_typo_spacing_tablet":0,"ocean_menu_typo_spacing_mobile":0,"ocean_menu_typo_spacing_unit":"","ocean_menu_link_color":"","ocean_menu_link_color_hover":"","ocean_menu_link_color_active":"","ocean_menu_link_background":"","ocean_menu_link_hover_background":"","ocean_menu_link_active_background":"","ocean_menu_social_links_bg":"","ocean_menu_social_hover_links_bg":"","ocean_menu_social_links_color":"","ocean_menu_social_hover_links_color":"","ocean_disable_title":"default","ocean_disable_heading":"default","ocean_post_title":"","ocean_post_subheading":"","ocean_post_title_style":"","ocean_post_title_background_color":"","ocean_post_title_background":0,"ocean_post_title_bg_image_position":"","ocean_post_title_bg_image_attachment":"","ocean_post_title_bg_image_repeat":"","ocean_post_title_bg_image_size":"","ocean_post_title_height":0,"ocean_post_title_bg_overlay":0.5,"ocean_post_title_bg_overlay_color":"","ocean_disable_breadcrumbs":"default","ocean_breadcrumbs_color":"","ocean_breadcrumbs_separator_color":"","ocean_breadcrumbs_links_color":"","ocean_breadcrumbs_links_hover_color":"","ocean_display_footer_widgets":"default","ocean_display_footer_bottom":"default","ocean_custom_footer_template":"","footnotes":""},"class_list":["post-2880","page","type-page","status-publish","hentry","entry"],"_links":{"self":[{"href":"https:\/\/ko-antinuisibles.fr\/index.php?rest_route=\/wp\/v2\/pages\/2880","targetHints":{"allow":["GET"]}}],"collection":[{"href":"https:\/\/ko-antinuisibles.fr\/index.php?rest_route=\/wp\/v2\/pages"}],"about":[{"href":"https:\/\/ko-antinuisibles.fr\/index.php?rest_route=\/wp\/v2\/types\/page"}],"author":[{"embeddable":true,"href":"https:\/\/ko-antinuisibles.fr\/index.php?rest_route=\/wp\/v2\/users\/1"}],"replies":[{"embeddable":true,"href":"https:\/\/ko-antinuisibles.fr\/index.php?rest_route=%2Fwp%2Fv2%2Fcomments&post=2880"}],"version-history":[{"count":25,"href":"https:\/\/ko-antinuisibles.fr\/index.php?rest_route=\/wp\/v2\/pages\/2880\/revisions"}],"predecessor-version":[{"id":3023,"href":"https:\/\/ko-antinuisibles.fr\/index.php?rest_route=\/wp\/v2\/pages\/2880\/revisions\/3023"}],"wp:attachment":[{"href":"https:\/\/ko-antinuisibles.fr\/index.php?rest_route=%2Fwp%2Fv2%2Fmedia&parent=2880"}],"curies":[{"name":"wp","href":"https:\/\/api.w.org\/{rel}","templated":true}]}}