{"id":23,"date":"2025-01-10T15:45:51","date_gmt":"2025-01-10T15:45:51","guid":{"rendered":"https:\/\/ko-antinuisibles.fr\/?page_id=23"},"modified":"2025-04-02T14:34:16","modified_gmt":"2025-04-02T14:34:16","slug":"contact","status":"publish","type":"page","link":"https:\/\/ko-antinuisibles.fr\/?page_id=23","title":{"rendered":"Contact"},"content":{"rendered":"\t\t<div data-elementor-type=\"wp-post\" data-elementor-id=\"23\" class=\"elementor elementor-23\">\n\t\t\t\t<div class=\"elementor-element elementor-element-01b66b5 e-con-full e-flex e-con e-parent\" data-id=\"01b66b5\" data-element_type=\"container\" data-settings=\"{&quot;background_background&quot;:&quot;classic&quot;}\">\n\t\t\t\t<div class=\"elementor-element elementor-element-d2b2331 elementor-widget elementor-widget-heading\" data-id=\"d2b2331\" data-element_type=\"widget\" data-settings=\"{&quot;_animation_mobile&quot;:&quot;bounceInLeft&quot;}\" data-widget_type=\"heading.default\">\n\t\t\t\t<div class=\"elementor-widget-container\">\n\t\t\t\t\t<h1 class=\"elementor-heading-title elementor-size-default\">Contact<\/h1>\t\t\t\t<\/div>\n\t\t\t\t<\/div>\n\t\t\t\t<div class=\"elementor-element elementor-element-3fed277 elementor-widget elementor-widget-heading\" data-id=\"3fed277\" data-element_type=\"widget\" data-settings=\"{&quot;_animation_mobile&quot;:&quot;bounceInRight&quot;}\" data-widget_type=\"heading.default\">\n\t\t\t\t<div class=\"elementor-widget-container\">\n\t\t\t\t\t<h2 class=\"elementor-heading-title elementor-size-default\">Disponible pour r\u00e9pondre \u00e0 toutes vos questions<\/h2>\t\t\t\t<\/div>\n\t\t\t\t<\/div>\n\t\t\t\t<\/div>\n\t\t<div class=\"elementor-element elementor-element-0674f94 e-flex e-con-boxed e-con e-parent\" data-id=\"0674f94\" data-element_type=\"container\">\n\t\t\t\t\t<div class=\"e-con-inner\">\n\t\t\t\t<div class=\"elementor-element elementor-element-a863129 elementor-widget elementor-widget-wpforms\" data-id=\"a863129\" data-element_type=\"widget\" data-widget_type=\"wpforms.default\">\n\t\t\t\t<div class=\"elementor-widget-container\">\n\t\t\t\t\t<style id=\"wpforms-css-vars-elementor-widget-a863129\">\n\t\t\t\t.elementor-widget-wpforms.elementor-element-a863129 {\n\t\t\t\t--wpforms-field-size-input-height: 43px;\n--wpforms-field-size-input-spacing: 15px;\n--wpforms-field-size-font-size: 16px;\n--wpforms-field-size-line-height: 19px;\n--wpforms-field-size-padding-h: 14px;\n--wpforms-field-size-checkbox-size: 16px;\n--wpforms-field-size-sublabel-spacing: 5px;\n--wpforms-field-size-icon-size: 1;\n--wpforms-label-size-font-size: 16px;\n--wpforms-label-size-line-height: 19px;\n--wpforms-label-size-sublabel-font-size: 14px;\n--wpforms-label-size-sublabel-line-height: 17px;\n--wpforms-button-size-font-size: 17px;\n--wpforms-button-size-height: 41px;\n--wpforms-button-size-padding-h: 15px;\n--wpforms-button-size-margin-top: 10px;\n\n\t\t\t}\n\t\t\t<\/style><div class=\"wpforms-container wpforms-container-full wpforms-render-modern\" id=\"wpforms-878\"><form id=\"wpforms-form-878\" class=\"wpforms-validate wpforms-form\" data-formid=\"878\" method=\"post\" enctype=\"multipart\/form-data\" action=\"\/index.php?rest_route=%2Fwp%2Fv2%2Fpages%2F23\" data-token=\"b8bce7de18ab7f21fa1ce43cf8a2933b\" data-token-time=\"1775687539\"><noscript class=\"wpforms-error-noscript\">Veuillez activer JavaScript dans votre navigateur pour remplir ce formulaire.<\/noscript><div class=\"wpforms-hidden\" id=\"wpforms-error-noscript\">Veuillez activer JavaScript dans votre navigateur pour remplir ce formulaire.<\/div><div class=\"wpforms-field-container\"><div id=\"wpforms-878-field_0-container\" class=\"wpforms-field wpforms-field-name\" data-field-id=\"0\"><fieldset><legend class=\"wpforms-field-label\">Pr\u00e9nom et Nom <span class=\"wpforms-required-label\" aria-hidden=\"true\">*<\/span><\/legend><div class=\"wpforms-field-row wpforms-field-large\"><div class=\"wpforms-field-row-block wpforms-first wpforms-one-half\"><input type=\"text\" id=\"wpforms-878-field_0\" class=\"wpforms-field-name-first wpforms-field-required\" name=\"wpforms[fields][0][first]\" aria-errormessage=\"wpforms-878-field_0-error\" required><label for=\"wpforms-878-field_0\" class=\"wpforms-field-sublabel after wpforms-sublabel-hide\">Pr\u00e9nom<\/label><\/div><div class=\"wpforms-field-row-block wpforms-one-half\"><input type=\"text\" id=\"wpforms-878-field_0-last\" class=\"wpforms-field-name-last wpforms-field-required\" name=\"wpforms[fields][0][last]\" aria-errormessage=\"wpforms-878-field_0-last-error\" required><label for=\"wpforms-878-field_0-last\" class=\"wpforms-field-sublabel after wpforms-sublabel-hide\">Nom<\/label><\/div><\/div><\/fieldset><\/div><div id=\"wpforms-878-field_1-container\" class=\"wpforms-field wpforms-field-email\" data-field-id=\"1\"><fieldset><legend class=\"wpforms-field-label\">Email <span class=\"wpforms-required-label\" aria-hidden=\"true\">*<\/span><\/legend><div class=\"wpforms-field-row wpforms-field-large\"><div class=\"wpforms-field-row-block wpforms-one-half wpforms-first\"><input type=\"email\" id=\"wpforms-878-field_1\" class=\"wpforms-field-required wpforms-field-email-primary\" name=\"wpforms[fields][1][primary]\" placeholder=\"Email\" spellcheck=\"false\" aria-errormessage=\"wpforms-878-field_1-error\" required><label for=\"wpforms-878-field_1\" class=\"wpforms-field-sublabel after wpforms-sublabel-hide\">E-mail<\/label><\/div><div class=\"wpforms-field-row-block wpforms-one-half\"><input type=\"email\" id=\"wpforms-878-field_1-secondary\" class=\"wpforms-field-email-secondary wpforms-field-required\" data-rule-confirm=\"#wpforms-878-field_1\" name=\"wpforms[fields][1][secondary]\" placeholder=\"Confirmez votre email\" spellcheck=\"false\" aria-errormessage=\"wpforms-878-field_1-secondary-error\" required><label for=\"wpforms-878-field_1-secondary\" class=\"wpforms-field-sublabel after wpforms-sublabel-hide\">Confirmez l\u2019e-mail<\/label><\/div><\/div><\/fieldset><\/div><div id=\"wpforms-878-field_3-container\" class=\"wpforms-field wpforms-field-text\" data-field-id=\"3\"><label class=\"wpforms-field-label\" for=\"wpforms-878-field_3\">Sujet <span class=\"wpforms-required-label\" aria-hidden=\"true\">*<\/span><\/label><input type=\"text\" id=\"wpforms-878-field_3\" class=\"wpforms-field-medium wpforms-field-required wpforms-limit-characters-enabled\" data-form-id=\"878\" data-field-id=\"3\" data-text-limit=\"250\" name=\"wpforms[fields][3]\" placeholder=\"Intervention pour nid de gu\u00eapes, probl\u00e8me de rats...\" aria-errormessage=\"wpforms-878-field_3-error\" maxlength=\"250\" required><\/div><div id=\"wpforms-878-field_4-container\" class=\"wpforms-field wpforms-field-checkbox wpforms-list-2-columns\" data-field-id=\"4\"><fieldset><legend class=\"wpforms-field-label\">Vos besoins<\/legend><ul id=\"wpforms-878-field_4\"><li class=\"choice-10 depth-1\"><input type=\"checkbox\" id=\"wpforms-878-field_4_10\" name=\"wpforms[fields][4][]\" value=\"Furetage\" aria-errormessage=\"wpforms-878-field_4_10-error\"  ><label class=\"wpforms-field-label-inline\" for=\"wpforms-878-field_4_10\">Furetage<\/label><\/li><li class=\"choice-4 depth-1\"><input type=\"checkbox\" id=\"wpforms-878-field_4_4\" name=\"wpforms[fields][4][]\" value=\"Frelons asiatiques\" aria-errormessage=\"wpforms-878-field_4_4-error\"  ><label class=\"wpforms-field-label-inline\" for=\"wpforms-878-field_4_4\">Frelons asiatiques<\/label><\/li><li class=\"choice-1 depth-1\"><input type=\"checkbox\" id=\"wpforms-878-field_4_1\" name=\"wpforms[fields][4][]\" value=\"Gu\u00eapes\" aria-errormessage=\"wpforms-878-field_4_1-error\"  ><label class=\"wpforms-field-label-inline\" for=\"wpforms-878-field_4_1\">Gu\u00eapes<\/label><\/li><li class=\"choice-2 depth-1\"><input type=\"checkbox\" id=\"wpforms-878-field_4_2\" name=\"wpforms[fields][4][]\" value=\"Rats\" aria-errormessage=\"wpforms-878-field_4_2-error\"  ><label class=\"wpforms-field-label-inline\" for=\"wpforms-878-field_4_2\">Rats<\/label><\/li><li class=\"choice-3 depth-1\"><input type=\"checkbox\" id=\"wpforms-878-field_4_3\" name=\"wpforms[fields][4][]\" value=\"Souris\" aria-errormessage=\"wpforms-878-field_4_3-error\"  ><label class=\"wpforms-field-label-inline\" for=\"wpforms-878-field_4_3\">Souris<\/label><\/li><li class=\"choice-5 depth-1\"><input type=\"checkbox\" id=\"wpforms-878-field_4_5\" name=\"wpforms[fields][4][]\" value=\"Punaises de lit\" aria-errormessage=\"wpforms-878-field_4_5-error\"  ><label class=\"wpforms-field-label-inline\" for=\"wpforms-878-field_4_5\">Punaises de lit<\/label><\/li><li class=\"choice-7 depth-1\"><input type=\"checkbox\" id=\"wpforms-878-field_4_7\" name=\"wpforms[fields][4][]\" value=\"Blattes\" aria-errormessage=\"wpforms-878-field_4_7-error\"  ><label class=\"wpforms-field-label-inline\" for=\"wpforms-878-field_4_7\">Blattes<\/label><\/li><li class=\"choice-6 depth-1\"><input type=\"checkbox\" id=\"wpforms-878-field_4_6\" name=\"wpforms[fields][4][]\" value=\"Puces\" aria-errormessage=\"wpforms-878-field_4_6-error\"  ><label class=\"wpforms-field-label-inline\" for=\"wpforms-878-field_4_6\">Puces<\/label><\/li><li class=\"choice-8 depth-1\"><input type=\"checkbox\" id=\"wpforms-878-field_4_8\" name=\"wpforms[fields][4][]\" value=\"Insectes volants\" aria-errormessage=\"wpforms-878-field_4_8-error\"  ><label class=\"wpforms-field-label-inline\" for=\"wpforms-878-field_4_8\">Insectes volants<\/label><\/li><li class=\"choice-9 depth-1\"><input type=\"checkbox\" id=\"wpforms-878-field_4_9\" name=\"wpforms[fields][4][]\" value=\"Insectes rampants\" aria-errormessage=\"wpforms-878-field_4_9-error\"  ><label class=\"wpforms-field-label-inline\" for=\"wpforms-878-field_4_9\">Insectes rampants<\/label><\/li><li class=\"choice-11 depth-1\"><input type=\"checkbox\" id=\"wpforms-878-field_4_11\" name=\"wpforms[fields][4][]\" value=\"Pigeons\" aria-errormessage=\"wpforms-878-field_4_11-error\"  ><label class=\"wpforms-field-label-inline\" for=\"wpforms-878-field_4_11\">Pigeons<\/label><\/li><li class=\"choice-12 depth-1\"><input type=\"checkbox\" id=\"wpforms-878-field_4_12\" name=\"wpforms[fields][4][]\" value=\"Autre\" aria-errormessage=\"wpforms-878-field_4_12-error\"  ><label class=\"wpforms-field-label-inline\" for=\"wpforms-878-field_4_12\">Autre<\/label><\/li><\/ul><\/fieldset><\/div><div id=\"wpforms-878-field_2-container\" class=\"wpforms-field wpforms-field-textarea\" data-field-id=\"2\"><label class=\"wpforms-field-label\" for=\"wpforms-878-field_2\">Votre message <span class=\"wpforms-required-label\" aria-hidden=\"true\">*<\/span><\/label><textarea id=\"wpforms-878-field_2\" class=\"wpforms-field-medium wpforms-field-required\" name=\"wpforms[fields][2]\" placeholder=\"Votre message\" aria-errormessage=\"wpforms-878-field_2-error\" aria-describedby=\"wpforms-878-field_2-description\" required><\/textarea><div id=\"wpforms-878-field_2-description\" class=\"wpforms-field-description\">En cas de surinfestation, des frais suppl\u00e9mentaires peuvent \u00eatre appliqu\u00e9s.<\/div><\/div><\/div><!-- .wpforms-field-container --><div class=\"wpforms-field wpforms-field-hp\"><label for=\"wpforms-878-field-hp\" class=\"wpforms-field-label\">Name<\/label><input type=\"text\" name=\"wpforms[hp]\" id=\"wpforms-878-field-hp\" class=\"wpforms-field-medium\"><\/div><div class=\"wpforms-submit-container\" ><input type=\"hidden\" name=\"wpforms[id]\" value=\"878\"><input type=\"hidden\" name=\"page_title\" value=\"\"><input type=\"hidden\" name=\"page_url\" value=\"https:\/\/ko-antinuisibles.fr\/index.php?rest_route=\/wp\/v2\/pages\/23\"><input type=\"hidden\" name=\"url_referer\" value=\"\"><button type=\"submit\" name=\"wpforms[submit]\" id=\"wpforms-submit-878\" class=\"wpforms-submit\" data-alt-text=\"Envoie...\" data-submit-text=\"Soumettre\" aria-live=\"assertive\" value=\"wpforms-submit\">Soumettre<\/button><\/div><\/form><\/div>  <!-- .wpforms-container -->\t\t\t\t<\/div>\n\t\t\t\t<\/div>\n\t\t\t\t<div class=\"elementor-element elementor-element-8c5a0d0 elementor-widget elementor-widget-html\" data-id=\"8c5a0d0\" data-element_type=\"widget\" data-widget_type=\"html.default\">\n\t\t\t\t<div class=\"elementor-widget-container\">\n\t\t\t\t\t<style>\n        .floating-phone {\n            position: fixed;\n            bottom: 20px;\n            left: 20px;\n            background-color: #4CAF50;\n            color: white;\n            padding: 10px 15px;\n            border-radius: 30px;\n            box-shadow: 0 4px 8px rgba(0,0,0,0.3);\n            font-family: Arial, sans-serif;\n            font-size: 16px;\n            text-decoration: none;\n            display: flex;\n            align-items: center;\n            transition: background-color 0.3s;\n            z-index: 1000;\n        }\n\n        .floating-phone:hover {\n            background-color: #45a049;\n        }\n\n        .phone-icon {\n            margin-right: 8px;\n            font-size: 20px;\n        }\n    <\/style>\n\n<a href=\"tel:+33769934224\" class=\"floating-phone\">\n        <i class=\"fa-solid fa-phone phone-icon\"><\/i>\n        07 69 93 42 24\n<\/a>\t\t\t\t<\/div>\n\t\t\t\t<\/div>\n\t\t\t\t\t<\/div>\n\t\t\t\t<\/div>\n\t\t\t\t<\/div>\n\t\t","protected":false},"excerpt":{"rendered":"<p>Contact Disponible pour r\u00e9pondre \u00e0 toutes vos questions Veuillez activer JavaScript dans votre navigateur pour remplir ce formulaire.Veuillez activer JavaScript dans votre navigateur pour remplir ce formulaire. Pr\u00e9nom et Nom * Pr\u00e9nomNom Email * E-mailConfirmez l\u2019e-mail Sujet * Vos besoins Furetage Frelons asiatiques Gu\u00eapes Rats Souris Punaises de lit Blattes Puces Insectes volants Insectes rampants [&hellip;]<\/p>\n","protected":false},"author":1,"featured_media":0,"parent":0,"menu_order":0,"comment_status":"closed","ping_status":"closed","template":"elementor_theme","meta":{"ocean_post_layout":"","ocean_both_sidebars_style":"","ocean_both_sidebars_content_width":0,"ocean_both_sidebars_sidebars_width":0,"ocean_sidebar":"","ocean_second_sidebar":"","ocean_disable_margins":"enable","ocean_add_body_class":"","ocean_shortcode_before_top_bar":"","ocean_shortcode_after_top_bar":"","ocean_shortcode_before_header":"","ocean_shortcode_after_header":"","ocean_has_shortcode":"","ocean_shortcode_after_title":"","ocean_shortcode_before_footer_widgets":"","ocean_shortcode_after_footer_widgets":"","ocean_shortcode_before_footer_bottom":"","ocean_shortcode_after_footer_bottom":"","ocean_display_top_bar":"default","ocean_display_header":"default","ocean_header_style":"","ocean_center_header_left_menu":"","ocean_custom_header_template":"","ocean_custom_logo":0,"ocean_custom_retina_logo":0,"ocean_custom_logo_max_width":0,"ocean_custom_logo_tablet_max_width":0,"ocean_custom_logo_mobile_max_width":0,"ocean_custom_logo_max_height":0,"ocean_custom_logo_tablet_max_height":0,"ocean_custom_logo_mobile_max_height":0,"ocean_header_custom_menu":"","ocean_menu_typo_font_family":"","ocean_menu_typo_font_subset":"","ocean_menu_typo_font_size":0,"ocean_menu_typo_font_size_tablet":0,"ocean_menu_typo_font_size_mobile":0,"ocean_menu_typo_font_size_unit":"px","ocean_menu_typo_font_weight":"","ocean_menu_typo_font_weight_tablet":"","ocean_menu_typo_font_weight_mobile":"","ocean_menu_typo_transform":"","ocean_menu_typo_transform_tablet":"","ocean_menu_typo_transform_mobile":"","ocean_menu_typo_line_height":0,"ocean_menu_typo_line_height_tablet":0,"ocean_menu_typo_line_height_mobile":0,"ocean_menu_typo_line_height_unit":"","ocean_menu_typo_spacing":0,"ocean_menu_typo_spacing_tablet":0,"ocean_menu_typo_spacing_mobile":0,"ocean_menu_typo_spacing_unit":"","ocean_menu_link_color":"","ocean_menu_link_color_hover":"","ocean_menu_link_color_active":"","ocean_menu_link_background":"","ocean_menu_link_hover_background":"","ocean_menu_link_active_background":"","ocean_menu_social_links_bg":"","ocean_menu_social_hover_links_bg":"","ocean_menu_social_links_color":"","ocean_menu_social_hover_links_color":"","ocean_disable_title":"default","ocean_disable_heading":"default","ocean_post_title":"","ocean_post_subheading":"","ocean_post_title_style":"","ocean_post_title_background_color":"","ocean_post_title_background":0,"ocean_post_title_bg_image_position":"","ocean_post_title_bg_image_attachment":"","ocean_post_title_bg_image_repeat":"","ocean_post_title_bg_image_size":"","ocean_post_title_height":0,"ocean_post_title_bg_overlay":0.5,"ocean_post_title_bg_overlay_color":"","ocean_disable_breadcrumbs":"default","ocean_breadcrumbs_color":"","ocean_breadcrumbs_separator_color":"","ocean_breadcrumbs_links_color":"","ocean_breadcrumbs_links_hover_color":"","ocean_display_footer_widgets":"default","ocean_display_footer_bottom":"default","ocean_custom_footer_template":"","footnotes":""},"class_list":["post-23","page","type-page","status-publish","hentry","entry"],"_links":{"self":[{"href":"https:\/\/ko-antinuisibles.fr\/index.php?rest_route=\/wp\/v2\/pages\/23","targetHints":{"allow":["GET"]}}],"collection":[{"href":"https:\/\/ko-antinuisibles.fr\/index.php?rest_route=\/wp\/v2\/pages"}],"about":[{"href":"https:\/\/ko-antinuisibles.fr\/index.php?rest_route=\/wp\/v2\/types\/page"}],"author":[{"embeddable":true,"href":"https:\/\/ko-antinuisibles.fr\/index.php?rest_route=\/wp\/v2\/users\/1"}],"replies":[{"embeddable":true,"href":"https:\/\/ko-antinuisibles.fr\/index.php?rest_route=%2Fwp%2Fv2%2Fcomments&post=23"}],"version-history":[{"count":26,"href":"https:\/\/ko-antinuisibles.fr\/index.php?rest_route=\/wp\/v2\/pages\/23\/revisions"}],"predecessor-version":[{"id":2963,"href":"https:\/\/ko-antinuisibles.fr\/index.php?rest_route=\/wp\/v2\/pages\/23\/revisions\/2963"}],"wp:attachment":[{"href":"https:\/\/ko-antinuisibles.fr\/index.php?rest_route=%2Fwp%2Fv2%2Fmedia&parent=23"}],"curies":[{"name":"wp","href":"https:\/\/api.w.org\/{rel}","templated":true}]}}