{"id":1652,"date":"2025-02-10T13:15:02","date_gmt":"2025-02-10T13:15:02","guid":{"rendered":"https:\/\/ko-antinuisibles.fr\/?page_id=1652"},"modified":"2025-02-10T13:21:54","modified_gmt":"2025-02-10T13:21:54","slug":"rgpd","status":"publish","type":"page","link":"https:\/\/ko-antinuisibles.fr\/?page_id=1652","title":{"rendered":"RGPD"},"content":{"rendered":"\t\t<div data-elementor-type=\"wp-page\" data-elementor-id=\"1652\" class=\"elementor elementor-1652\">\n\t\t\t\t<div class=\"elementor-element elementor-element-3ca37d7 e-flex e-con-boxed e-con e-parent\" data-id=\"3ca37d7\" data-element_type=\"container\" data-settings=\"{&quot;background_background&quot;:&quot;slideshow&quot;,&quot;background_slideshow_gallery&quot;:[{&quot;id&quot;:1505,&quot;url&quot;:&quot;https:\\\/\\\/ko-antinuisibles.fr\\\/wp-content\\\/uploads\\\/2025\\\/01\\\/warsaw-9298784_1920.jpg&quot;}],&quot;background_slideshow_loop&quot;:&quot;yes&quot;,&quot;background_slideshow_slide_duration&quot;:5000,&quot;background_slideshow_slide_transition&quot;:&quot;fade&quot;,&quot;background_slideshow_transition_duration&quot;:500}\">\n\t\t\t\t\t<div class=\"e-con-inner\">\n\t\t\t\t\t<\/div>\n\t\t\t\t<\/div>\n\t\t<div class=\"elementor-element elementor-element-c3f0ebb e-flex e-con-boxed e-con e-parent\" data-id=\"c3f0ebb\" data-element_type=\"container\">\n\t\t\t\t\t<div class=\"e-con-inner\">\n\t\t\t\t<div class=\"elementor-element elementor-element-9bd0951 elementor-widget elementor-widget-heading\" data-id=\"9bd0951\" data-element_type=\"widget\" data-widget_type=\"heading.default\">\n\t\t\t\t<div class=\"elementor-widget-container\">\n\t\t\t\t\t<h2 class=\"elementor-heading-title elementor-size-default\">RGPD<\/h2>\t\t\t\t<\/div>\n\t\t\t\t<\/div>\n\t\t\t\t<div class=\"elementor-element elementor-element-a933eae elementor-widget elementor-widget-text-editor\" data-id=\"a933eae\" data-element_type=\"widget\" data-widget_type=\"text-editor.default\">\n\t\t\t\t<div class=\"elementor-widget-container\">\n\t\t\t\t\t\t\t\t\t<section class=\"has_eae_slider elementor-section elementor-top-section elementor-element elementor-element-1663cbc elementor-section-boxed elementor-section-height-default elementor-section-height-default\" data-id=\"1663cbc\" data-element_type=\"section\"><div class=\"elementor-container elementor-column-gap-default\"><div class=\"has_eae_slider elementor-column elementor-col-100 elementor-top-column elementor-element elementor-element-1afe53c\" data-id=\"1afe53c\" data-element_type=\"column\"><div class=\"elementor-widget-wrap elementor-element-populated\"><div class=\"elementor-element elementor-element-5983aca elementor-widget elementor-widget-text-editor\" data-id=\"5983aca\" data-element_type=\"widget\" data-widget_type=\"text-editor.default\"><div class=\"elementor-widget-container\"><p>Le\u00a0<a href=\"http:\/\/eur-lex.europa.eu\/legal-content\/en\/TXT\/?uri=CELEX%3A32016R0679\">R\u00e8glement g\u00e9n\u00e9ral sur la protection des donn\u00e9es<\/a>\u00a0(RGPD) entrera en vigueur le 25\u00a0mai\u00a02018. Le\u00a0RGPD s\u2019appuie sur les r\u00e8gles existantes de l\u2019Union europ\u00e9enne en mati\u00e8re de protection des donn\u00e9es et de respect de la vie priv\u00e9e et les modernise. Il les remplacera par un ensemble de r\u00e8gles r\u00e9gissant la fa\u00e7on dont les donn\u00e9es personnelles sont collect\u00e9es et trait\u00e9es. Par ailleurs, il aborde sp\u00e9cifiquement l\u2019exportation des donn\u00e9es personnelles des citoyens de l\u2019UE hors de l\u2019UE, et d\u00e9finit des directives claires pour les entreprises actives aussi bien dans l\u2019UE que sur d\u2019autres march\u00e9s mondiaux, avec des cadres juridiques diff\u00e9rents et des approches vari\u00e9es en mati\u00e8re de transfert des donn\u00e9es et de leur utilisation commerciale.<\/p><p><strong>L\u2019approche de KO Anti-nuissible concernant le respect de la vie priv\u00e9e et le RGDP :<\/strong><\/p><p>Prot\u00e9ger et pr\u00e9server la vie priv\u00e9e des utilisateurs est au c\u0153ur de notre travail. La protection de l\u2019anonymat des utilisateurs, la mise \u00e0 disposition de\u00a0<u>fonctionnalit\u00e9s de contr\u00f4le de la confidentialit\u00e9 et de la s\u00e9curit\u00e9<\/u>, et notre\u00a0<u>engagement g\u00e9n\u00e9ral en faveur de la transparence<\/u>\u00a0sont autant de principes fondamentaux qui font partie de l\u2019ADN de notre entreprise.<\/p><p>Pour nous pr\u00e9parer au RGPD, nous avons constitu\u00e9 une \u00e9quipe de responsables de diff\u00e9rents services de <strong>KO Anti-nuissible<\/strong>, afin de nous assurer d\u2019agir non seulement pour \u00eatre en conformit\u00e9 avec le RGPD, mais aussi de mani\u00e8re \u00e0 faire \u00e9voluer nos principes et la mission fondamentale de notre entreprise.<\/p><p>Nos \u00e9quipes ont travaill\u00e9 sur ce dossier, et maintenant que la date de mise en \u0153uvre du\u00a0RGPD approche, nous allons apporter des modifications \u00e0 notre produit, \u00e0 notre politique et \u00e0 nos op\u00e9rations. Notre objectif, comme toujours, est de respecter nos engagements pris envers les utilisateurs et d\u2019offrir un niveau de transparence et de fonctionnalit\u00e9s de contr\u00f4le \u00e0 la pointe du secteur.<\/p><p><strong>Principaux domaines concern\u00e9s\u00a0:<\/strong><\/p><p><strong>Produit\u00a0:<br \/><\/strong>Pour les utilisateurs situ\u00e9s dans l\u2019UE, notre produit sera mis \u00e0 jour afin de garantir sa conformit\u00e9 avec les exigences du\u00a0RGPD. Nous allons cr\u00e9er une exp\u00e9rience sur mesure, qui offre plus de transparence sur ce que nous faisons avec vos donn\u00e9es et comment elles sont stock\u00e9es par Twitter.<\/p><p><strong>Politique\u00a0:<br \/><\/strong>Notre Politique de confidentialit\u00e9 sera mise \u00e0 jour pour garantir sa conformit\u00e9 avec le\u00a0RGPD. Les modifications porteront sur la portabilit\u00e9 des donn\u00e9es, les conditions g\u00e9n\u00e9rales d\u2019acc\u00e8s aux donn\u00e9es pour les utilisateurs de l\u2019UE et les exigences en mati\u00e8re d\u2019anonymat des donn\u00e9es. Nous mettrons tout en \u0153uvre pour un respect constant de votre vie priv\u00e9e.<\/p><p><strong>Transparence\u00a0:<br \/><\/strong>Dans la droite ligne de notre engagement continu en mati\u00e8re de transparence, nous souhaitons que ce processus soit clair pour nos utilisateurs. \u00c0 cette fin, nous vous tiendrons inform\u00e9s, notamment via des invites au sein du produit et de nouveaux articles de blog. Nous nous assurerons par ailleurs que nos documents destin\u00e9s aux utilisateurs sont faciles \u00e0 assimiler et adapt\u00e9s aux besoins.<\/p><\/div><\/div><\/div><\/div><\/div><\/section>\t\t\t\t\t\t\t\t<\/div>\n\t\t\t\t<\/div>\n\t\t\t\t\t<\/div>\n\t\t\t\t<\/div>\n\t\t\t\t<\/div>\n\t\t","protected":false},"excerpt":{"rendered":"<p>RGPD Le\u00a0R\u00e8glement g\u00e9n\u00e9ral sur la protection des donn\u00e9es\u00a0(RGPD) entrera en vigueur le 25\u00a0mai\u00a02018. Le\u00a0RGPD s\u2019appuie sur les r\u00e8gles existantes de l\u2019Union europ\u00e9enne en mati\u00e8re de protection des donn\u00e9es et de respect de la vie priv\u00e9e et les modernise. Il les remplacera par un ensemble de r\u00e8gles r\u00e9gissant la fa\u00e7on dont les donn\u00e9es personnelles sont collect\u00e9es [&hellip;]<\/p>\n","protected":false},"author":1,"featured_media":0,"parent":0,"menu_order":0,"comment_status":"closed","ping_status":"closed","template":"","meta":{"ocean_post_layout":"","ocean_both_sidebars_style":"","ocean_both_sidebars_content_width":0,"ocean_both_sidebars_sidebars_width":0,"ocean_sidebar":"","ocean_second_sidebar":"","ocean_disable_margins":"enable","ocean_add_body_class":"","ocean_shortcode_before_top_bar":"","ocean_shortcode_after_top_bar":"","ocean_shortcode_before_header":"","ocean_shortcode_after_header":"","ocean_has_shortcode":"","ocean_shortcode_after_title":"","ocean_shortcode_before_footer_widgets":"","ocean_shortcode_after_footer_widgets":"","ocean_shortcode_before_footer_bottom":"","ocean_shortcode_after_footer_bottom":"","ocean_display_top_bar":"default","ocean_display_header":"default","ocean_header_style":"","ocean_center_header_left_menu":"","ocean_custom_header_template":"","ocean_custom_logo":0,"ocean_custom_retina_logo":0,"ocean_custom_logo_max_width":0,"ocean_custom_logo_tablet_max_width":0,"ocean_custom_logo_mobile_max_width":0,"ocean_custom_logo_max_height":0,"ocean_custom_logo_tablet_max_height":0,"ocean_custom_logo_mobile_max_height":0,"ocean_header_custom_menu":"","ocean_menu_typo_font_family":"","ocean_menu_typo_font_subset":"","ocean_menu_typo_font_size":0,"ocean_menu_typo_font_size_tablet":0,"ocean_menu_typo_font_size_mobile":0,"ocean_menu_typo_font_size_unit":"px","ocean_menu_typo_font_weight":"","ocean_menu_typo_font_weight_tablet":"","ocean_menu_typo_font_weight_mobile":"","ocean_menu_typo_transform":"","ocean_menu_typo_transform_tablet":"","ocean_menu_typo_transform_mobile":"","ocean_menu_typo_line_height":0,"ocean_menu_typo_line_height_tablet":0,"ocean_menu_typo_line_height_mobile":0,"ocean_menu_typo_line_height_unit":"","ocean_menu_typo_spacing":0,"ocean_menu_typo_spacing_tablet":0,"ocean_menu_typo_spacing_mobile":0,"ocean_menu_typo_spacing_unit":"","ocean_menu_link_color":"","ocean_menu_link_color_hover":"","ocean_menu_link_color_active":"","ocean_menu_link_background":"","ocean_menu_link_hover_background":"","ocean_menu_link_active_background":"","ocean_menu_social_links_bg":"","ocean_menu_social_hover_links_bg":"","ocean_menu_social_links_color":"","ocean_menu_social_hover_links_color":"","ocean_disable_title":"default","ocean_disable_heading":"default","ocean_post_title":"","ocean_post_subheading":"","ocean_post_title_style":"","ocean_post_title_background_color":"","ocean_post_title_background":0,"ocean_post_title_bg_image_position":"","ocean_post_title_bg_image_attachment":"","ocean_post_title_bg_image_repeat":"","ocean_post_title_bg_image_size":"","ocean_post_title_height":0,"ocean_post_title_bg_overlay":0.5,"ocean_post_title_bg_overlay_color":"","ocean_disable_breadcrumbs":"default","ocean_breadcrumbs_color":"","ocean_breadcrumbs_separator_color":"","ocean_breadcrumbs_links_color":"","ocean_breadcrumbs_links_hover_color":"","ocean_display_footer_widgets":"default","ocean_display_footer_bottom":"default","ocean_custom_footer_template":"","footnotes":""},"class_list":["post-1652","page","type-page","status-publish","hentry","entry"],"_links":{"self":[{"href":"https:\/\/ko-antinuisibles.fr\/index.php?rest_route=\/wp\/v2\/pages\/1652","targetHints":{"allow":["GET"]}}],"collection":[{"href":"https:\/\/ko-antinuisibles.fr\/index.php?rest_route=\/wp\/v2\/pages"}],"about":[{"href":"https:\/\/ko-antinuisibles.fr\/index.php?rest_route=\/wp\/v2\/types\/page"}],"author":[{"embeddable":true,"href":"https:\/\/ko-antinuisibles.fr\/index.php?rest_route=\/wp\/v2\/users\/1"}],"replies":[{"embeddable":true,"href":"https:\/\/ko-antinuisibles.fr\/index.php?rest_route=%2Fwp%2Fv2%2Fcomments&post=1652"}],"version-history":[{"count":7,"href":"https:\/\/ko-antinuisibles.fr\/index.php?rest_route=\/wp\/v2\/pages\/1652\/revisions"}],"predecessor-version":[{"id":1664,"href":"https:\/\/ko-antinuisibles.fr\/index.php?rest_route=\/wp\/v2\/pages\/1652\/revisions\/1664"}],"wp:attachment":[{"href":"https:\/\/ko-antinuisibles.fr\/index.php?rest_route=%2Fwp%2Fv2%2Fmedia&parent=1652"}],"curies":[{"name":"wp","href":"https:\/\/api.w.org\/{rel}","templated":true}]}}