{"id":1573,"date":"2025-02-10T09:36:15","date_gmt":"2025-02-10T09:36:15","guid":{"rendered":"https:\/\/ko-antinuisibles.fr\/?page_id=1573"},"modified":"2025-04-02T14:23:51","modified_gmt":"2025-04-02T14:23:51","slug":"particulier-2","status":"publish","type":"page","link":"https:\/\/ko-antinuisibles.fr\/?page_id=1573","title":{"rendered":"Particulier"},"content":{"rendered":"\t\t<div data-elementor-type=\"wp-page\" data-elementor-id=\"1573\" class=\"elementor elementor-1573\">\n\t\t\t\t<div class=\"elementor-element elementor-element-816a7e4 e-flex e-con-boxed e-con e-parent\" data-id=\"816a7e4\" data-element_type=\"container\" data-settings=\"{&quot;background_background&quot;:&quot;slideshow&quot;,&quot;background_slideshow_gallery&quot;:[{&quot;id&quot;:1908,&quot;url&quot;:&quot;https:\\\/\\\/ko-antinuisibles.fr\\\/wp-content\\\/uploads\\\/2025\\\/03\\\/house.jpg&quot;}],&quot;background_slideshow_loop&quot;:&quot;yes&quot;,&quot;background_slideshow_slide_duration&quot;:5000,&quot;background_slideshow_slide_transition&quot;:&quot;fade&quot;,&quot;background_slideshow_transition_duration&quot;:500}\">\n\t\t\t\t\t<div class=\"e-con-inner\">\n\t\t\t\t<div class=\"elementor-element elementor-element-5b74b7c elementor-widget elementor-widget-spacer\" data-id=\"5b74b7c\" data-element_type=\"widget\" data-widget_type=\"spacer.default\">\n\t\t\t\t<div class=\"elementor-widget-container\">\n\t\t\t\t\t\t\t<div class=\"elementor-spacer\">\n\t\t\t<div class=\"elementor-spacer-inner\"><\/div>\n\t\t<\/div>\n\t\t\t\t\t\t<\/div>\n\t\t\t\t<\/div>\n\t\t\t\t<div class=\"elementor-element elementor-element-5027969 elementor-invisible elementor-widget elementor-widget-heading\" data-id=\"5027969\" data-element_type=\"widget\" data-settings=\"{&quot;_animation&quot;:&quot;fadeIn&quot;}\" data-widget_type=\"heading.default\">\n\t\t\t\t<div class=\"elementor-widget-container\">\n\t\t\t\t\t<h1 class=\"elementor-heading-title elementor-size-default\">Particulier<\/h1>\t\t\t\t<\/div>\n\t\t\t\t<\/div>\n\t\t\t\t<div class=\"elementor-element elementor-element-c51b855 elementor-invisible elementor-widget elementor-widget-heading\" data-id=\"c51b855\" data-element_type=\"widget\" data-settings=\"{&quot;_animation&quot;:&quot;fadeIn&quot;}\" data-widget_type=\"heading.default\">\n\t\t\t\t<div class=\"elementor-widget-container\">\n\t\t\t\t\t<h2 class=\"elementor-heading-title elementor-size-default\">D\u00e9couvrez nos solutions adapt\u00e9es \u00e0 vos besoins<\/h2>\t\t\t\t<\/div>\n\t\t\t\t<\/div>\n\t\t\t\t<div class=\"elementor-element elementor-element-6583863 elementor-hidden-tablet elementor-hidden-mobile elementor-widget elementor-widget-spacer\" data-id=\"6583863\" data-element_type=\"widget\" data-widget_type=\"spacer.default\">\n\t\t\t\t<div class=\"elementor-widget-container\">\n\t\t\t\t\t\t\t<div class=\"elementor-spacer\">\n\t\t\t<div class=\"elementor-spacer-inner\"><\/div>\n\t\t<\/div>\n\t\t\t\t\t\t<\/div>\n\t\t\t\t<\/div>\n\t\t<div class=\"elementor-element elementor-element-a2d32b6 e-con-full e-flex e-con e-child\" data-id=\"a2d32b6\" data-element_type=\"container\">\n\t\t<div class=\"elementor-element elementor-element-8f9a54b animated-slow e-flex e-con-boxed elementor-invisible e-con e-child\" data-id=\"8f9a54b\" data-element_type=\"container\" data-settings=\"{&quot;background_background&quot;:&quot;classic&quot;,&quot;animation&quot;:&quot;fadeInDown&quot;}\">\n\t\t\t\t\t<div class=\"e-con-inner\">\n\t\t\t\t<div class=\"elementor-element elementor-element-1672ff2 elementor-widget elementor-widget-heading\" data-id=\"1672ff2\" data-element_type=\"widget\" data-widget_type=\"heading.default\">\n\t\t\t\t<div class=\"elementor-widget-container\">\n\t\t\t\t\t<h2 class=\"elementor-heading-title elementor-size-default\">Diagnostic et \u00c9valuation<\/h2>\t\t\t\t<\/div>\n\t\t\t\t<\/div>\n\t\t\t\t<div class=\"elementor-element elementor-element-ff8ad7c elementor-widget elementor-widget-image\" data-id=\"ff8ad7c\" data-element_type=\"widget\" data-widget_type=\"image.default\">\n\t\t\t\t<div class=\"elementor-widget-container\">\n\t\t\t\t\t\t\t\t\t\t\t\t\t\t\t<img decoding=\"async\" src=\"https:\/\/ko-antinuisibles.fr\/wp-content\/uploads\/elementor\/thumbs\/house-r2x0tkdi7h860h6gqsrlb0mf0le685tfgukd1rffla.png\" title=\"house\" alt=\"house\" loading=\"lazy\" \/>\t\t\t\t\t\t\t\t\t\t\t\t\t\t\t<\/div>\n\t\t\t\t<\/div>\n\t\t\t\t<div class=\"elementor-element elementor-element-577305f elementor-widget__width-initial elementor-widget-mobile__width-initial elementor-widget elementor-widget-text-editor\" data-id=\"577305f\" data-element_type=\"widget\" data-widget_type=\"text-editor.default\">\n\t\t\t\t<div class=\"elementor-widget-container\">\n\t\t\t\t\t\t\t\t\t<p><strong><span style=\"font-size: 18px;\">Inspection minutieuse de votre domicile pour identifier la pr\u00e9sence de nuisibles (rongeurs, insectes, volatiles, etc.).<\/span><\/strong><\/p><p><strong><span style=\"font-size: 18px;\">Analyse des causes de l\u2019infestation et des zones \u00e0 risque<\/span><\/strong><\/p><p><strong><span style=\"font-size: 18px;\">Proposition d\u2019un plan d\u2019intervention personnalis\u00e9 et adapt\u00e9 \u00e0 votre environnement.<\/span><\/strong><\/p>\t\t\t\t\t\t\t\t<\/div>\n\t\t\t\t<\/div>\n\t\t\t\t\t<\/div>\n\t\t\t\t<\/div>\n\t\t<div class=\"elementor-element elementor-element-722247d animated-slow e-flex e-con-boxed elementor-invisible e-con e-child\" data-id=\"722247d\" data-element_type=\"container\" data-settings=\"{&quot;background_background&quot;:&quot;classic&quot;,&quot;animation&quot;:&quot;fadeInDown&quot;,&quot;animation_delay&quot;:200}\">\n\t\t\t\t\t<div class=\"e-con-inner\">\n\t\t\t\t<div class=\"elementor-element elementor-element-19eaa85 elementor-widget elementor-widget-heading\" data-id=\"19eaa85\" data-element_type=\"widget\" data-widget_type=\"heading.default\">\n\t\t\t\t<div class=\"elementor-widget-container\">\n\t\t\t\t\t<h2 class=\"elementor-heading-title elementor-size-default\">Traitement et \u00c9radication<\/h2>\t\t\t\t<\/div>\n\t\t\t\t<\/div>\n\t\t\t\t<div class=\"elementor-element elementor-element-b3525c4 elementor-widget elementor-widget-image\" data-id=\"b3525c4\" data-element_type=\"widget\" data-widget_type=\"image.default\">\n\t\t\t\t<div class=\"elementor-widget-container\">\n\t\t\t\t\t\t\t\t\t\t\t\t\t\t\t<img decoding=\"async\" src=\"https:\/\/ko-antinuisibles.fr\/wp-content\/uploads\/elementor\/thumbs\/rat-extermination-r2wya6idrc4l99x6dapcw2t3vzthvj0w8j8xdaxcj2.png\" title=\"rat-extermination\" alt=\"rat-extermination\" loading=\"lazy\" \/>\t\t\t\t\t\t\t\t\t\t\t\t\t\t\t<\/div>\n\t\t\t\t<\/div>\n\t\t\t\t<div class=\"elementor-element elementor-element-e2deebf elementor-widget__width-initial elementor-widget-mobile__width-initial elementor-widget elementor-widget-text-editor\" data-id=\"e2deebf\" data-element_type=\"widget\" data-widget_type=\"text-editor.default\">\n\t\t\t\t<div class=\"elementor-widget-container\">\n\t\t\t\t\t\t\t\t\t<p><strong><span style=\"font-size: 18px;\">Mise en place de solutions adapt\u00e9es : d\u00e9ratisation, d\u00e9sinsectisation, d\u00e9sinfection.<\/span><\/strong><\/p><p><strong><span style=\"font-size: 18px;\">Utilisation de produits s\u00fbrs et respectueux de l\u2019environnement et des occupants (enfants, animaux domestiques).<\/span><\/strong><\/p><p><strong><span style=\"font-size: 18px;\">Intervention rapide et discr\u00e8te pour un retour \u00e0 la normale dans les meilleurs d\u00e9lais.<\/span><\/strong><\/p>\t\t\t\t\t\t\t\t<\/div>\n\t\t\t\t<\/div>\n\t\t\t\t\t<\/div>\n\t\t\t\t<\/div>\n\t\t<div class=\"elementor-element elementor-element-4f49284 animated-slow e-flex e-con-boxed elementor-invisible e-con e-child\" data-id=\"4f49284\" data-element_type=\"container\" data-settings=\"{&quot;background_background&quot;:&quot;classic&quot;,&quot;animation&quot;:&quot;fadeInDown&quot;,&quot;animation_delay&quot;:400}\">\n\t\t\t\t\t<div class=\"e-con-inner\">\n\t\t\t\t<div class=\"elementor-element elementor-element-0f58755 elementor-widget elementor-widget-heading\" data-id=\"0f58755\" data-element_type=\"widget\" data-widget_type=\"heading.default\">\n\t\t\t\t<div class=\"elementor-widget-container\">\n\t\t\t\t\t<h2 class=\"elementor-heading-title elementor-size-default\">Suivi et Pr\u00e9vention<\/h2>\t\t\t\t<\/div>\n\t\t\t\t<\/div>\n\t\t\t\t<div class=\"elementor-element elementor-element-99dc965 elementor-widget elementor-widget-image\" data-id=\"99dc965\" data-element_type=\"widget\" data-widget_type=\"image.default\">\n\t\t\t\t<div class=\"elementor-widget-container\">\n\t\t\t\t\t\t\t\t\t\t\t\t\t\t\t<img decoding=\"async\" src=\"https:\/\/ko-antinuisibles.fr\/wp-content\/uploads\/elementor\/thumbs\/follow-r2wyeduebnvr6htctm4ajimbj13laspohca3muoypa.png\" title=\"follow\" alt=\"follow\" loading=\"lazy\" \/>\t\t\t\t\t\t\t\t\t\t\t\t\t\t\t<\/div>\n\t\t\t\t<\/div>\n\t\t\t\t<div class=\"elementor-element elementor-element-6724bc6 elementor-widget__width-initial elementor-widget-mobile__width-initial elementor-widget elementor-widget-text-editor\" data-id=\"6724bc6\" data-element_type=\"widget\" data-widget_type=\"text-editor.default\">\n\t\t\t\t<div class=\"elementor-widget-container\">\n\t\t\t\t\t\t\t\t\t<p><strong><span style=\"font-size: 18px;\">Mise en place de solutions pr\u00e9ventives (bouchage des acc\u00e8s, pi\u00e8ges, r\u00e9pulsifs).<\/span><\/strong><\/p><p><strong><span style=\"font-size: 18px;\">Conseils pratiques pour \u00e9viter toute r\u00e9cidive (hygi\u00e8ne, stockage des aliments, ventilation, etc.).<\/span><\/strong><\/p><p><strong><span style=\"font-size: 18px;\">Possibilit\u00e9 de contr\u00f4les r\u00e9guliers pour une protection durable.<\/span><\/strong><\/p>\t\t\t\t\t\t\t\t<\/div>\n\t\t\t\t<\/div>\n\t\t\t\t\t<\/div>\n\t\t\t\t<\/div>\n\t\t\t\t<\/div>\n\t\t\t\t\t<\/div>\n\t\t\t\t<\/div>\n\t\t<div class=\"elementor-element elementor-element-17c6d4d e-flex e-con-boxed e-con e-parent\" data-id=\"17c6d4d\" data-element_type=\"container\">\n\t\t\t\t\t<div class=\"e-con-inner\">\n\t\t\t\t<div class=\"elementor-element elementor-element-4bf82d9 elementor-widget elementor-widget-html\" data-id=\"4bf82d9\" data-element_type=\"widget\" data-widget_type=\"html.default\">\n\t\t\t\t<div class=\"elementor-widget-container\">\n\t\t\t\t\t<style>\n        .floating-phone {\n            position: fixed;\n            bottom: 20px;\n            left: 20px;\n            background-color: #4CAF50;\n            color: white;\n            padding: 10px 15px;\n            border-radius: 30px;\n            box-shadow: 0 4px 8px rgba(0,0,0,0.3);\n            font-family: Arial, sans-serif;\n            font-size: 16px;\n            text-decoration: none;\n            display: flex;\n            align-items: center;\n            transition: background-color 0.3s;\n            z-index: 1000;\n        }\n\n        .floating-phone:hover {\n            background-color: #45a049;\n        }\n\n        .phone-icon {\n            margin-right: 8px;\n            font-size: 20px;\n        }\n    <\/style>\n\n<a href=\"tel:+33769934224\" class=\"floating-phone\">\n        <i class=\"fa-solid fa-phone phone-icon\"><\/i>\n        07 69 93 42 24\n<\/a>\t\t\t\t<\/div>\n\t\t\t\t<\/div>\n\t\t\t\t\t<\/div>\n\t\t\t\t<\/div>\n\t\t\t\t<\/div>\n\t\t","protected":false},"excerpt":{"rendered":"<p>Particulier D\u00e9couvrez nos solutions adapt\u00e9es \u00e0 vos besoins Diagnostic et \u00c9valuation Inspection minutieuse de votre domicile pour identifier la pr\u00e9sence de nuisibles (rongeurs, insectes, volatiles, etc.). Analyse des causes de l\u2019infestation et des zones \u00e0 risque Proposition d\u2019un plan d\u2019intervention personnalis\u00e9 et adapt\u00e9 \u00e0 votre environnement. Traitement et \u00c9radication Mise en place de solutions adapt\u00e9es [&hellip;]<\/p>\n","protected":false},"author":1,"featured_media":0,"parent":0,"menu_order":0,"comment_status":"closed","ping_status":"closed","template":"","meta":{"ocean_post_layout":"","ocean_both_sidebars_style":"","ocean_both_sidebars_content_width":0,"ocean_both_sidebars_sidebars_width":0,"ocean_sidebar":"","ocean_second_sidebar":"","ocean_disable_margins":"enable","ocean_add_body_class":"","ocean_shortcode_before_top_bar":"","ocean_shortcode_after_top_bar":"","ocean_shortcode_before_header":"","ocean_shortcode_after_header":"","ocean_has_shortcode":"","ocean_shortcode_after_title":"","ocean_shortcode_before_footer_widgets":"","ocean_shortcode_after_footer_widgets":"","ocean_shortcode_before_footer_bottom":"","ocean_shortcode_after_footer_bottom":"","ocean_display_top_bar":"default","ocean_display_header":"default","ocean_header_style":"","ocean_center_header_left_menu":"","ocean_custom_header_template":"","ocean_custom_logo":0,"ocean_custom_retina_logo":0,"ocean_custom_logo_max_width":0,"ocean_custom_logo_tablet_max_width":0,"ocean_custom_logo_mobile_max_width":0,"ocean_custom_logo_max_height":0,"ocean_custom_logo_tablet_max_height":0,"ocean_custom_logo_mobile_max_height":0,"ocean_header_custom_menu":"","ocean_menu_typo_font_family":"","ocean_menu_typo_font_subset":"","ocean_menu_typo_font_size":0,"ocean_menu_typo_font_size_tablet":0,"ocean_menu_typo_font_size_mobile":0,"ocean_menu_typo_font_size_unit":"px","ocean_menu_typo_font_weight":"","ocean_menu_typo_font_weight_tablet":"","ocean_menu_typo_font_weight_mobile":"","ocean_menu_typo_transform":"","ocean_menu_typo_transform_tablet":"","ocean_menu_typo_transform_mobile":"","ocean_menu_typo_line_height":0,"ocean_menu_typo_line_height_tablet":0,"ocean_menu_typo_line_height_mobile":0,"ocean_menu_typo_line_height_unit":"","ocean_menu_typo_spacing":0,"ocean_menu_typo_spacing_tablet":0,"ocean_menu_typo_spacing_mobile":0,"ocean_menu_typo_spacing_unit":"","ocean_menu_link_color":"","ocean_menu_link_color_hover":"","ocean_menu_link_color_active":"","ocean_menu_link_background":"","ocean_menu_link_hover_background":"","ocean_menu_link_active_background":"","ocean_menu_social_links_bg":"","ocean_menu_social_hover_links_bg":"","ocean_menu_social_links_color":"","ocean_menu_social_hover_links_color":"","ocean_disable_title":"default","ocean_disable_heading":"default","ocean_post_title":"","ocean_post_subheading":"","ocean_post_title_style":"","ocean_post_title_background_color":"","ocean_post_title_background":0,"ocean_post_title_bg_image_position":"","ocean_post_title_bg_image_attachment":"","ocean_post_title_bg_image_repeat":"","ocean_post_title_bg_image_size":"","ocean_post_title_height":0,"ocean_post_title_bg_overlay":0.5,"ocean_post_title_bg_overlay_color":"","ocean_disable_breadcrumbs":"default","ocean_breadcrumbs_color":"","ocean_breadcrumbs_separator_color":"","ocean_breadcrumbs_links_color":"","ocean_breadcrumbs_links_hover_color":"","ocean_display_footer_widgets":"default","ocean_display_footer_bottom":"default","ocean_custom_footer_template":"","footnotes":""},"class_list":["post-1573","page","type-page","status-publish","hentry","entry"],"_links":{"self":[{"href":"https:\/\/ko-antinuisibles.fr\/index.php?rest_route=\/wp\/v2\/pages\/1573","targetHints":{"allow":["GET"]}}],"collection":[{"href":"https:\/\/ko-antinuisibles.fr\/index.php?rest_route=\/wp\/v2\/pages"}],"about":[{"href":"https:\/\/ko-antinuisibles.fr\/index.php?rest_route=\/wp\/v2\/types\/page"}],"author":[{"embeddable":true,"href":"https:\/\/ko-antinuisibles.fr\/index.php?rest_route=\/wp\/v2\/users\/1"}],"replies":[{"embeddable":true,"href":"https:\/\/ko-antinuisibles.fr\/index.php?rest_route=%2Fwp%2Fv2%2Fcomments&post=1573"}],"version-history":[{"count":43,"href":"https:\/\/ko-antinuisibles.fr\/index.php?rest_route=\/wp\/v2\/pages\/1573\/revisions"}],"predecessor-version":[{"id":2946,"href":"https:\/\/ko-antinuisibles.fr\/index.php?rest_route=\/wp\/v2\/pages\/1573\/revisions\/2946"}],"wp:attachment":[{"href":"https:\/\/ko-antinuisibles.fr\/index.php?rest_route=%2Fwp%2Fv2%2Fmedia&parent=1573"}],"curies":[{"name":"wp","href":"https:\/\/api.w.org\/{rel}","templated":true}]}}