{"id":1322,"date":"2025-01-22T19:31:29","date_gmt":"2025-01-22T19:31:29","guid":{"rendered":"https:\/\/ko-antinuisibles.fr\/?page_id=1322"},"modified":"2025-05-03T14:27:46","modified_gmt":"2025-05-03T14:27:46","slug":"tarifs-et-devis","status":"publish","type":"page","link":"https:\/\/ko-antinuisibles.fr\/?page_id=1322","title":{"rendered":"Tarifs et Devis"},"content":{"rendered":"\t\t<div data-elementor-type=\"wp-page\" data-elementor-id=\"1322\" class=\"elementor elementor-1322\">\n\t\t\t\t<div class=\"elementor-element elementor-element-84a433c e-con-full e-flex e-con e-parent\" data-id=\"84a433c\" data-element_type=\"container\" data-settings=\"{&quot;background_background&quot;:&quot;slideshow&quot;,&quot;background_slideshow_gallery&quot;:[{&quot;id&quot;:1457,&quot;url&quot;:&quot;https:\\\/\\\/ko-antinuisibles.fr\\\/wp-content\\\/uploads\\\/2025\\\/01\\\/0b4dc4f5-f156-4c87-b07e-35590c81edb6.webp&quot;}],&quot;background_slideshow_loop&quot;:&quot;yes&quot;,&quot;background_slideshow_slide_duration&quot;:5000,&quot;background_slideshow_slide_transition&quot;:&quot;fade&quot;,&quot;background_slideshow_transition_duration&quot;:500}\">\n\t\t\t\t<\/div>\n\t\t<div class=\"elementor-element elementor-element-78d6d94 e-flex e-con-boxed e-con e-parent\" data-id=\"78d6d94\" data-element_type=\"container\">\n\t\t\t\t\t<div class=\"e-con-inner\">\n\t\t\t\t<div class=\"elementor-element elementor-element-fb79e59 elementor-widget elementor-widget-heading\" data-id=\"fb79e59\" data-element_type=\"widget\" data-widget_type=\"heading.default\">\n\t\t\t\t<div class=\"elementor-widget-container\">\n\t\t\t\t\t<h2 class=\"elementor-heading-title elementor-size-default\">Tarifs pour nos prestations de D\u00e9ratisation, D\u00e9sinfection, D\u00e9sinsectisation\n<\/h2>\t\t\t\t<\/div>\n\t\t\t\t<\/div>\n\t\t\t\t<div class=\"elementor-element elementor-element-400a462 elementor-widget elementor-widget-text-editor\" data-id=\"400a462\" data-element_type=\"widget\" data-widget_type=\"text-editor.default\">\n\t\t\t\t<div class=\"elementor-widget-container\">\n\t\t\t\t\t\t\t\t\t<p class=\"\" style=\"color: #00c951;\" data-start=\"203\" data-end=\"312\">Les tarifs indiqu\u00e9s sont \u00e0 titre indicatif. Ils peuvent varier en fonction de plusieurs facteurs, notamment :<\/p><ul data-start=\"313\" data-end=\"456\"><li class=\"\" data-start=\"313\" data-end=\"342\"><p class=\"\" data-start=\"315\" data-end=\"342\">Le <strong data-start=\"318\" data-end=\"342\">niveau d\u2019infestation<\/strong><\/p><\/li><li class=\"\" data-start=\"343\" data-end=\"396\"><p class=\"\" data-start=\"345\" data-end=\"396\">Le <strong data-start=\"348\" data-end=\"368\">nombre de pi\u00e8ces<\/strong> ou la <strong data-start=\"375\" data-end=\"396\">surface \u00e0 traiter<\/strong><\/p><\/li><li class=\"\" data-start=\"397\" data-end=\"456\"><p class=\"\" data-start=\"399\" data-end=\"456\">La <strong data-start=\"402\" data-end=\"425\">localisation du nid<\/strong> (hauteur, accessibilit\u00e9, etc.)<\/p><\/li><\/ul><h4 class=\"\" style=\"color: #00c951;\" data-start=\"458\" data-end=\"479\">Tarifs de base :<\/h4><ul data-start=\"481\" data-end=\"788\"><li class=\"\" data-start=\"481\" data-end=\"641\"><p class=\"\" data-start=\"483\" data-end=\"516\"><strong data-start=\"483\" data-end=\"514\">Gu\u00eapes \/ Frelons asiatiques<\/strong> :<\/p><ul data-start=\"519\" data-end=\"641\"><li class=\"\" data-start=\"519\" data-end=\"561\"><p class=\"\" data-start=\"521\" data-end=\"561\">\u00c0 hauteur d\u2019homme : \u00e0 partir de <strong data-start=\"553\" data-end=\"561\">95 \u20ac<\/strong><\/p><\/li><li class=\"\" data-start=\"564\" data-end=\"600\"><p class=\"\" data-start=\"566\" data-end=\"600\">En hauteur : \u00e0 partir de <strong data-start=\"591\" data-end=\"600\">120 \u20ac<\/strong><\/p><\/li><li class=\"\" data-start=\"603\" data-end=\"641\"><p class=\"\" data-start=\"605\" data-end=\"641\">Sous toiture : \u00e0 partir de <strong data-start=\"632\" data-end=\"641\">130 \u20ac<\/strong><\/p><\/li><\/ul><\/li><li class=\"\" data-start=\"643\" data-end=\"681\"><p class=\"\" data-start=\"645\" data-end=\"681\"><strong data-start=\"645\" data-end=\"657\">Rongeurs<\/strong> : \u00e0 partir de <strong data-start=\"672\" data-end=\"681\">130 \u20ac<\/strong><\/p><\/li><li class=\"\" data-start=\"683\" data-end=\"730\"><p class=\"\" data-start=\"685\" data-end=\"730\"><strong data-start=\"685\" data-end=\"706\">Blattes (cafards)<\/strong> : \u00e0 partir de <strong data-start=\"721\" data-end=\"730\">100 \u20ac<\/strong><\/p><\/li><li class=\"\" data-start=\"732\" data-end=\"788\"><p class=\"\" data-start=\"734\" data-end=\"788\"><strong data-start=\"734\" data-end=\"764\">Chenilles processionnaires<\/strong> : \u00e0 partir de <strong data-start=\"779\" data-end=\"788\">130 \u20ac<\/strong><\/p><\/li><\/ul><h4 class=\"\" style=\"color: #00c951;\" data-start=\"790\" data-end=\"820\">Interventions sur devis :<\/h4><ul data-start=\"822\" data-end=\"949\"><li class=\"\" data-start=\"822\" data-end=\"835\"><p class=\"\" data-start=\"824\" data-end=\"835\"><strong data-start=\"824\" data-end=\"835\">Fourmis<\/strong><\/p><\/li><li class=\"\" data-start=\"836\" data-end=\"857\"><p class=\"\" data-start=\"838\" data-end=\"857\"><strong data-start=\"838\" data-end=\"857\">Punaises de lit<\/strong><\/p><\/li><li class=\"\" data-start=\"858\" data-end=\"907\"><p class=\"\" data-start=\"860\" data-end=\"907\"><strong data-start=\"860\" data-end=\"869\">Puces<\/strong> (tarif selon la superficie \u00e0 traiter)<\/p><\/li><li class=\"\" data-start=\"908\" data-end=\"924\"><p class=\"\" data-start=\"910\" data-end=\"924\"><strong data-start=\"910\" data-end=\"924\">Moustiques<\/strong><\/p><\/li><li class=\"\" data-start=\"925\" data-end=\"936\"><p class=\"\" data-start=\"927\" data-end=\"936\"><strong data-start=\"927\" data-end=\"936\">Mites<\/strong><\/p><\/li><li class=\"\" data-start=\"937\" data-end=\"949\"><p class=\"\" data-start=\"939\" data-end=\"949\"><strong data-start=\"939\" data-end=\"949\">Taupes<\/strong><\/p><\/li><\/ul><p>* En cas de surinfestation, des frais suppl\u00e9mentaires peuvent \u00eatre appliqu\u00e9s.<\/p><p class=\"\" data-start=\"951\" data-end=\"1075\">Pour toute demande sp\u00e9cifique, nous vous invitons \u00e0 nous <strong data-start=\"1008\" data-end=\"1033\">contacter directement<\/strong> afin d&rsquo;\u00e9tablir un <strong data-start=\"1052\" data-end=\"1074\">devis personnalis\u00e9<\/strong>.<\/p>\t\t\t\t\t\t\t\t<\/div>\n\t\t\t\t<\/div>\n\t\t\t\t\t<\/div>\n\t\t\t\t<\/div>\n\t\t<div class=\"elementor-element elementor-element-eea84c5 e-flex e-con-boxed e-con e-parent\" data-id=\"eea84c5\" data-element_type=\"container\">\n\t\t\t\t\t<div class=\"e-con-inner\">\n\t\t\t\t<div class=\"elementor-element elementor-element-2ed18f1 elementor-align-center elementor-widget elementor-widget-button\" data-id=\"2ed18f1\" data-element_type=\"widget\" data-widget_type=\"button.default\">\n\t\t\t\t<div class=\"elementor-widget-container\">\n\t\t\t\t\t\t\t\t\t<div class=\"elementor-button-wrapper\">\n\t\t\t\t\t<a class=\"elementor-button elementor-button-link elementor-size-sm\" href=\"https:\/\/ko-antinuisibles.fr\/?page_id=23\">\n\t\t\t\t\t\t<span class=\"elementor-button-content-wrapper\">\n\t\t\t\t\t\t\t\t\t<span class=\"elementor-button-text\">Contact <\/span>\n\t\t\t\t\t<\/span>\n\t\t\t\t\t<\/a>\n\t\t\t\t<\/div>\n\t\t\t\t\t\t\t\t<\/div>\n\t\t\t\t<\/div>\n\t\t\t\t<div class=\"elementor-element elementor-element-423e4ad elementor-widget elementor-widget-html\" data-id=\"423e4ad\" data-element_type=\"widget\" data-widget_type=\"html.default\">\n\t\t\t\t<div class=\"elementor-widget-container\">\n\t\t\t\t\t<style>\n        .floating-phone {\n            position: fixed;\n            bottom: 20px;\n            left: 20px;\n            background-color: #4CAF50;\n            color: white;\n            padding: 10px 15px;\n            border-radius: 30px;\n            box-shadow: 0 4px 8px rgba(0,0,0,0.3);\n            font-family: Arial, sans-serif;\n            font-size: 16px;\n            text-decoration: none;\n            display: flex;\n            align-items: center;\n            transition: background-color 0.3s;\n            z-index: 1000;\n        }\n\n        .floating-phone:hover {\n            background-color: #45a049;\n        }\n\n        .phone-icon {\n            margin-right: 8px;\n            font-size: 20px;\n        }\n    <\/style>\n\n<a href=\"tel:+33769934224\" class=\"floating-phone\">\n        <i class=\"fa-solid fa-phone phone-icon\"><\/i>\n        07 69 93 42 24\n<\/a>\t\t\t\t<\/div>\n\t\t\t\t<\/div>\n\t\t\t\t\t<\/div>\n\t\t\t\t<\/div>\n\t\t\t\t<\/div>\n\t\t","protected":false},"excerpt":{"rendered":"<p>Tarifs pour nos prestations de D\u00e9ratisation, D\u00e9sinfection, D\u00e9sinsectisation Les tarifs indiqu\u00e9s sont \u00e0 titre indicatif. Ils peuvent varier en fonction de plusieurs facteurs, notamment : Le niveau d\u2019infestation Le nombre de pi\u00e8ces ou la surface \u00e0 traiter La localisation du nid (hauteur, accessibilit\u00e9, etc.) Tarifs de base : Gu\u00eapes \/ Frelons asiatiques : \u00c0 hauteur [&hellip;]<\/p>\n","protected":false},"author":1,"featured_media":0,"parent":0,"menu_order":0,"comment_status":"closed","ping_status":"closed","template":"","meta":{"ocean_post_layout":"","ocean_both_sidebars_style":"","ocean_both_sidebars_content_width":0,"ocean_both_sidebars_sidebars_width":0,"ocean_sidebar":"","ocean_second_sidebar":"","ocean_disable_margins":"enable","ocean_add_body_class":"","ocean_shortcode_before_top_bar":"","ocean_shortcode_after_top_bar":"","ocean_shortcode_before_header":"","ocean_shortcode_after_header":"","ocean_has_shortcode":"","ocean_shortcode_after_title":"","ocean_shortcode_before_footer_widgets":"","ocean_shortcode_after_footer_widgets":"","ocean_shortcode_before_footer_bottom":"","ocean_shortcode_after_footer_bottom":"","ocean_display_top_bar":"default","ocean_display_header":"default","ocean_header_style":"","ocean_center_header_left_menu":"","ocean_custom_header_template":"","ocean_custom_logo":0,"ocean_custom_retina_logo":0,"ocean_custom_logo_max_width":0,"ocean_custom_logo_tablet_max_width":0,"ocean_custom_logo_mobile_max_width":0,"ocean_custom_logo_max_height":0,"ocean_custom_logo_tablet_max_height":0,"ocean_custom_logo_mobile_max_height":0,"ocean_header_custom_menu":"","ocean_menu_typo_font_family":"","ocean_menu_typo_font_subset":"","ocean_menu_typo_font_size":0,"ocean_menu_typo_font_size_tablet":0,"ocean_menu_typo_font_size_mobile":0,"ocean_menu_typo_font_size_unit":"px","ocean_menu_typo_font_weight":"","ocean_menu_typo_font_weight_tablet":"","ocean_menu_typo_font_weight_mobile":"","ocean_menu_typo_transform":"","ocean_menu_typo_transform_tablet":"","ocean_menu_typo_transform_mobile":"","ocean_menu_typo_line_height":0,"ocean_menu_typo_line_height_tablet":0,"ocean_menu_typo_line_height_mobile":0,"ocean_menu_typo_line_height_unit":"","ocean_menu_typo_spacing":0,"ocean_menu_typo_spacing_tablet":0,"ocean_menu_typo_spacing_mobile":0,"ocean_menu_typo_spacing_unit":"","ocean_menu_link_color":"","ocean_menu_link_color_hover":"","ocean_menu_link_color_active":"","ocean_menu_link_background":"","ocean_menu_link_hover_background":"","ocean_menu_link_active_background":"","ocean_menu_social_links_bg":"","ocean_menu_social_hover_links_bg":"","ocean_menu_social_links_color":"","ocean_menu_social_hover_links_color":"","ocean_disable_title":"default","ocean_disable_heading":"default","ocean_post_title":"","ocean_post_subheading":"","ocean_post_title_style":"","ocean_post_title_background_color":"","ocean_post_title_background":0,"ocean_post_title_bg_image_position":"","ocean_post_title_bg_image_attachment":"","ocean_post_title_bg_image_repeat":"","ocean_post_title_bg_image_size":"","ocean_post_title_height":0,"ocean_post_title_bg_overlay":0.5,"ocean_post_title_bg_overlay_color":"","ocean_disable_breadcrumbs":"default","ocean_breadcrumbs_color":"","ocean_breadcrumbs_separator_color":"","ocean_breadcrumbs_links_color":"","ocean_breadcrumbs_links_hover_color":"","ocean_display_footer_widgets":"default","ocean_display_footer_bottom":"default","ocean_custom_footer_template":"","footnotes":""},"class_list":["post-1322","page","type-page","status-publish","hentry","entry"],"_links":{"self":[{"href":"https:\/\/ko-antinuisibles.fr\/index.php?rest_route=\/wp\/v2\/pages\/1322","targetHints":{"allow":["GET"]}}],"collection":[{"href":"https:\/\/ko-antinuisibles.fr\/index.php?rest_route=\/wp\/v2\/pages"}],"about":[{"href":"https:\/\/ko-antinuisibles.fr\/index.php?rest_route=\/wp\/v2\/types\/page"}],"author":[{"embeddable":true,"href":"https:\/\/ko-antinuisibles.fr\/index.php?rest_route=\/wp\/v2\/users\/1"}],"replies":[{"embeddable":true,"href":"https:\/\/ko-antinuisibles.fr\/index.php?rest_route=%2Fwp%2Fv2%2Fcomments&post=1322"}],"version-history":[{"count":52,"href":"https:\/\/ko-antinuisibles.fr\/index.php?rest_route=\/wp\/v2\/pages\/1322\/revisions"}],"predecessor-version":[{"id":3033,"href":"https:\/\/ko-antinuisibles.fr\/index.php?rest_route=\/wp\/v2\/pages\/1322\/revisions\/3033"}],"wp:attachment":[{"href":"https:\/\/ko-antinuisibles.fr\/index.php?rest_route=%2Fwp%2Fv2%2Fmedia&parent=1322"}],"curies":[{"name":"wp","href":"https:\/\/api.w.org\/{rel}","templated":true}]}}