{"id":1313,"date":"2025-01-22T19:29:20","date_gmt":"2025-01-22T19:29:20","guid":{"rendered":"https:\/\/ko-antinuisibles.fr\/?page_id=1313"},"modified":"2025-04-02T14:25:13","modified_gmt":"2025-04-02T14:25:13","slug":"professionnel","status":"publish","type":"page","link":"https:\/\/ko-antinuisibles.fr\/?page_id=1313","title":{"rendered":"Professionnel"},"content":{"rendered":"\t\t<div data-elementor-type=\"wp-page\" data-elementor-id=\"1313\" class=\"elementor elementor-1313\">\n\t\t\t\t<div class=\"elementor-element elementor-element-816a7e4 e-flex e-con-boxed e-con e-parent\" data-id=\"816a7e4\" data-element_type=\"container\" data-settings=\"{&quot;background_background&quot;:&quot;slideshow&quot;,&quot;background_slideshow_gallery&quot;:[{&quot;id&quot;:1519,&quot;url&quot;:&quot;https:\\\/\\\/ko-antinuisibles.fr\\\/wp-content\\\/uploads\\\/2025\\\/01\\\/pexels-cottonbro-10481262.jpg&quot;}],&quot;background_slideshow_loop&quot;:&quot;yes&quot;,&quot;background_slideshow_slide_duration&quot;:5000,&quot;background_slideshow_slide_transition&quot;:&quot;fade&quot;,&quot;background_slideshow_transition_duration&quot;:500}\">\n\t\t\t\t\t<div class=\"e-con-inner\">\n\t\t\t\t<div class=\"elementor-element elementor-element-5c975a8 elementor-widget elementor-widget-spacer\" data-id=\"5c975a8\" data-element_type=\"widget\" data-widget_type=\"spacer.default\">\n\t\t\t\t<div class=\"elementor-widget-container\">\n\t\t\t\t\t\t\t<div class=\"elementor-spacer\">\n\t\t\t<div class=\"elementor-spacer-inner\"><\/div>\n\t\t<\/div>\n\t\t\t\t\t\t<\/div>\n\t\t\t\t<\/div>\n\t\t\t\t<div class=\"elementor-element elementor-element-5027969 elementor-invisible elementor-widget elementor-widget-heading\" data-id=\"5027969\" data-element_type=\"widget\" data-settings=\"{&quot;_animation&quot;:&quot;fadeIn&quot;}\" data-widget_type=\"heading.default\">\n\t\t\t\t<div class=\"elementor-widget-container\">\n\t\t\t\t\t<h1 class=\"elementor-heading-title elementor-size-default\">Professionnel<\/h1>\t\t\t\t<\/div>\n\t\t\t\t<\/div>\n\t\t\t\t<div class=\"elementor-element elementor-element-c51b855 elementor-invisible elementor-widget elementor-widget-heading\" data-id=\"c51b855\" data-element_type=\"widget\" data-settings=\"{&quot;_animation&quot;:&quot;fadeIn&quot;}\" data-widget_type=\"heading.default\">\n\t\t\t\t<div class=\"elementor-widget-container\">\n\t\t\t\t\t<h2 class=\"elementor-heading-title elementor-size-default\">D\u00e9couvrez nos solutions adapt\u00e9es \u00e0 vos besoins<\/h2>\t\t\t\t<\/div>\n\t\t\t\t<\/div>\n\t\t\t\t<div class=\"elementor-element elementor-element-510ceb0 elementor-hidden-tablet elementor-hidden-mobile elementor-widget elementor-widget-spacer\" data-id=\"510ceb0\" data-element_type=\"widget\" data-widget_type=\"spacer.default\">\n\t\t\t\t<div class=\"elementor-widget-container\">\n\t\t\t\t\t\t\t<div class=\"elementor-spacer\">\n\t\t\t<div class=\"elementor-spacer-inner\"><\/div>\n\t\t<\/div>\n\t\t\t\t\t\t<\/div>\n\t\t\t\t<\/div>\n\t\t<div class=\"elementor-element elementor-element-6cb8e95 e-con-full e-flex e-con e-child\" data-id=\"6cb8e95\" data-element_type=\"container\">\n\t\t<div class=\"elementor-element elementor-element-4c6cc19 animated-slow e-flex e-con-boxed elementor-invisible e-con e-child\" data-id=\"4c6cc19\" data-element_type=\"container\" data-settings=\"{&quot;background_background&quot;:&quot;classic&quot;,&quot;animation&quot;:&quot;fadeInDown&quot;}\">\n\t\t\t\t\t<div class=\"e-con-inner\">\n\t\t\t\t<div class=\"elementor-element elementor-element-c7418b0 elementor-widget elementor-widget-heading\" data-id=\"c7418b0\" data-element_type=\"widget\" data-widget_type=\"heading.default\">\n\t\t\t\t<div class=\"elementor-widget-container\">\n\t\t\t\t\t<h2 class=\"elementor-heading-title elementor-size-default\">Diagnostic et \u00c9valuation<\/h2>\t\t\t\t<\/div>\n\t\t\t\t<\/div>\n\t\t\t\t<div class=\"elementor-element elementor-element-7f3684b elementor-widget elementor-widget-image\" data-id=\"7f3684b\" data-element_type=\"widget\" data-widget_type=\"image.default\">\n\t\t\t\t<div class=\"elementor-widget-container\">\n\t\t\t\t\t\t\t\t\t\t\t\t\t\t\t<img decoding=\"async\" src=\"https:\/\/ko-antinuisibles.fr\/wp-content\/uploads\/elementor\/thumbs\/checklist-1-r2wyjlu4aj13oi8abvdoe76ic3d029fzv6r7m6y84u.png\" title=\"checklist\" alt=\"checklist\" loading=\"lazy\" \/>\t\t\t\t\t\t\t\t\t\t\t\t\t\t\t<\/div>\n\t\t\t\t<\/div>\n\t\t\t\t<div class=\"elementor-element elementor-element-0151691 elementor-widget__width-initial elementor-widget-mobile__width-initial elementor-widget elementor-widget-text-editor\" data-id=\"0151691\" data-element_type=\"widget\" data-widget_type=\"text-editor.default\">\n\t\t\t\t<div class=\"elementor-widget-container\">\n\t\t\t\t\t\t\t\t\t<p><strong><span style=\"font-size: 18px;\">Inspection approfondie des locaux pour identifier la pr\u00e9sence de nuisibles (rongeurs, insectes, volatiles, etc.).<\/span><\/strong><\/p><p><strong><span style=\"font-size: 18px;\">Analyse des risques et des points d\u2019entr\u00e9e potentiels.<\/span><\/strong><\/p><p><strong><span style=\"font-size: 18px;\">Proposition d\u2019un plan d\u2019action adapt\u00e9 aux besoins sp\u00e9cifiques du client.<\/span><\/strong><\/p>\t\t\t\t\t\t\t\t<\/div>\n\t\t\t\t<\/div>\n\t\t\t\t\t<\/div>\n\t\t\t\t<\/div>\n\t\t<div class=\"elementor-element elementor-element-5ad9368 animated-slow e-flex e-con-boxed elementor-invisible e-con e-child\" data-id=\"5ad9368\" data-element_type=\"container\" data-settings=\"{&quot;background_background&quot;:&quot;classic&quot;,&quot;animation&quot;:&quot;fadeInDown&quot;,&quot;animation_delay&quot;:200}\">\n\t\t\t\t\t<div class=\"e-con-inner\">\n\t\t\t\t<div class=\"elementor-element elementor-element-ab4ea8b elementor-widget elementor-widget-heading\" data-id=\"ab4ea8b\" data-element_type=\"widget\" data-widget_type=\"heading.default\">\n\t\t\t\t<div class=\"elementor-widget-container\">\n\t\t\t\t\t<h2 class=\"elementor-heading-title elementor-size-default\">Traitement et \u00c9radication<\/h2>\t\t\t\t<\/div>\n\t\t\t\t<\/div>\n\t\t\t\t<div class=\"elementor-element elementor-element-eb629f9 elementor-widget elementor-widget-image\" data-id=\"eb629f9\" data-element_type=\"widget\" data-widget_type=\"image.default\">\n\t\t\t\t<div class=\"elementor-widget-container\">\n\t\t\t\t\t\t\t\t\t\t\t\t\t\t\t<img decoding=\"async\" src=\"https:\/\/ko-antinuisibles.fr\/wp-content\/uploads\/elementor\/thumbs\/rat-extermination-r2wya6idrc4l99x6dapcw2t3vzthvj0w8j8xdaxcj2.png\" title=\"rat-extermination\" alt=\"rat-extermination\" loading=\"lazy\" \/>\t\t\t\t\t\t\t\t\t\t\t\t\t\t\t<\/div>\n\t\t\t\t<\/div>\n\t\t\t\t<div class=\"elementor-element elementor-element-885483b elementor-widget__width-initial elementor-widget-mobile__width-initial elementor-widget elementor-widget-text-editor\" data-id=\"885483b\" data-element_type=\"widget\" data-widget_type=\"text-editor.default\">\n\t\t\t\t<div class=\"elementor-widget-container\">\n\t\t\t\t\t\t\t\t\t<p><span style=\"font-size: 18px;\"><strong>Mise en place de solutions adapt\u00e9es d\u00e9ratisation, d\u00e9sinsectisation, d\u00e9sinfection.<\/strong><\/span><\/p><p><span style=\"font-size: 18px;\"><strong>Utilisation de produits homologu\u00e9s et respectueux des normes sanitaires.<\/strong><\/span><\/p><p><span style=\"font-size: 18px;\"><strong>Intervention discr\u00e8te et efficace pour minimiser l\u2019impact sur l\u2019activit\u00e9 du client.<\/strong><\/span><\/p>\t\t\t\t\t\t\t\t<\/div>\n\t\t\t\t<\/div>\n\t\t\t\t\t<\/div>\n\t\t\t\t<\/div>\n\t\t<div class=\"elementor-element elementor-element-445e3bb animated-slow e-flex e-con-boxed elementor-invisible e-con e-child\" data-id=\"445e3bb\" data-element_type=\"container\" data-settings=\"{&quot;background_background&quot;:&quot;classic&quot;,&quot;animation&quot;:&quot;fadeInDown&quot;,&quot;animation_delay&quot;:400}\">\n\t\t\t\t\t<div class=\"e-con-inner\">\n\t\t\t\t<div class=\"elementor-element elementor-element-66a8c4f elementor-widget elementor-widget-heading\" data-id=\"66a8c4f\" data-element_type=\"widget\" data-widget_type=\"heading.default\">\n\t\t\t\t<div class=\"elementor-widget-container\">\n\t\t\t\t\t<h2 class=\"elementor-heading-title elementor-size-default\">Suivi et Pr\u00e9vention<\/h2>\t\t\t\t<\/div>\n\t\t\t\t<\/div>\n\t\t\t\t<div class=\"elementor-element elementor-element-90f4c00 elementor-widget elementor-widget-image\" data-id=\"90f4c00\" data-element_type=\"widget\" data-widget_type=\"image.default\">\n\t\t\t\t<div class=\"elementor-widget-container\">\n\t\t\t\t\t\t\t\t\t\t\t\t\t\t\t<img decoding=\"async\" src=\"https:\/\/ko-antinuisibles.fr\/wp-content\/uploads\/elementor\/thumbs\/follow-r2wyeduebnvr6htctm4ajimbj13laspohca3muoypa.png\" title=\"follow\" alt=\"follow\" loading=\"lazy\" \/>\t\t\t\t\t\t\t\t\t\t\t\t\t\t\t<\/div>\n\t\t\t\t<\/div>\n\t\t\t\t<div class=\"elementor-element elementor-element-8818ef9 elementor-widget__width-initial elementor-widget-mobile__width-initial elementor-widget elementor-widget-text-editor\" data-id=\"8818ef9\" data-element_type=\"widget\" data-widget_type=\"text-editor.default\">\n\t\t\t\t<div class=\"elementor-widget-container\">\n\t\t\t\t\t\t\t\t\t<p><strong><span style=\"font-size: 18px;\">Installation de dispositifs de pr\u00e9vention (pi\u00e8ges, r\u00e9pulsifs, barri\u00e8res physiques).<\/span><\/strong><\/p><p><strong><span style=\"font-size: 18px;\">Contr\u00f4les r\u00e9guliers et mise en place d\u2019un contrat de suivi.<\/span><\/strong><\/p><p><strong><span style=\"font-size: 18px;\">Conseils et sensibilisation des \u00e9quipes pour limiter les risques de r\u00e9infestation.<\/span><\/strong><\/p>\t\t\t\t\t\t\t\t<\/div>\n\t\t\t\t<\/div>\n\t\t\t\t\t<\/div>\n\t\t\t\t<\/div>\n\t\t\t\t<\/div>\n\t\t\t\t\t<\/div>\n\t\t\t\t<\/div>\n\t\t<div class=\"elementor-element elementor-element-279b322 e-flex e-con-boxed e-con e-parent\" data-id=\"279b322\" data-element_type=\"container\">\n\t\t\t\t\t<div class=\"e-con-inner\">\n\t\t\t\t<div class=\"elementor-element elementor-element-e958d78 elementor-widget elementor-widget-html\" data-id=\"e958d78\" data-element_type=\"widget\" data-widget_type=\"html.default\">\n\t\t\t\t<div class=\"elementor-widget-container\">\n\t\t\t\t\t<style>\n        .floating-phone {\n            position: fixed;\n            bottom: 20px;\n            left: 20px;\n            background-color: #4CAF50;\n            color: white;\n            padding: 10px 15px;\n            border-radius: 30px;\n            box-shadow: 0 4px 8px rgba(0,0,0,0.3);\n            font-family: Arial, sans-serif;\n            font-size: 16px;\n            text-decoration: none;\n            display: flex;\n            align-items: center;\n            transition: background-color 0.3s;\n            z-index: 1000;\n        }\n\n        .floating-phone:hover {\n            background-color: #45a049;\n        }\n\n        .phone-icon {\n            margin-right: 8px;\n            font-size: 20px;\n        }\n    <\/style>\n\n<a href=\"tel:+33769934224\" class=\"floating-phone\">\n        <i class=\"fa-solid fa-phone phone-icon\"><\/i>\n        07 69 93 42 24\n<\/a>\t\t\t\t<\/div>\n\t\t\t\t<\/div>\n\t\t\t\t\t<\/div>\n\t\t\t\t<\/div>\n\t\t\t\t<\/div>\n\t\t","protected":false},"excerpt":{"rendered":"<p>Professionnel D\u00e9couvrez nos solutions adapt\u00e9es \u00e0 vos besoins Diagnostic et \u00c9valuation Inspection approfondie des locaux pour identifier la pr\u00e9sence de nuisibles (rongeurs, insectes, volatiles, etc.). Analyse des risques et des points d\u2019entr\u00e9e potentiels. Proposition d\u2019un plan d\u2019action adapt\u00e9 aux besoins sp\u00e9cifiques du client. Traitement et \u00c9radication Mise en place de solutions adapt\u00e9es d\u00e9ratisation, d\u00e9sinsectisation, d\u00e9sinfection. [&hellip;]<\/p>\n","protected":false},"author":1,"featured_media":0,"parent":0,"menu_order":0,"comment_status":"closed","ping_status":"closed","template":"","meta":{"ocean_post_layout":"","ocean_both_sidebars_style":"","ocean_both_sidebars_content_width":0,"ocean_both_sidebars_sidebars_width":0,"ocean_sidebar":"","ocean_second_sidebar":"","ocean_disable_margins":"enable","ocean_add_body_class":"","ocean_shortcode_before_top_bar":"","ocean_shortcode_after_top_bar":"","ocean_shortcode_before_header":"","ocean_shortcode_after_header":"","ocean_has_shortcode":"","ocean_shortcode_after_title":"","ocean_shortcode_before_footer_widgets":"","ocean_shortcode_after_footer_widgets":"","ocean_shortcode_before_footer_bottom":"","ocean_shortcode_after_footer_bottom":"","ocean_display_top_bar":"default","ocean_display_header":"default","ocean_header_style":"","ocean_center_header_left_menu":"","ocean_custom_header_template":"","ocean_custom_logo":0,"ocean_custom_retina_logo":0,"ocean_custom_logo_max_width":0,"ocean_custom_logo_tablet_max_width":0,"ocean_custom_logo_mobile_max_width":0,"ocean_custom_logo_max_height":0,"ocean_custom_logo_tablet_max_height":0,"ocean_custom_logo_mobile_max_height":0,"ocean_header_custom_menu":"","ocean_menu_typo_font_family":"","ocean_menu_typo_font_subset":"","ocean_menu_typo_font_size":0,"ocean_menu_typo_font_size_tablet":0,"ocean_menu_typo_font_size_mobile":0,"ocean_menu_typo_font_size_unit":"px","ocean_menu_typo_font_weight":"","ocean_menu_typo_font_weight_tablet":"","ocean_menu_typo_font_weight_mobile":"","ocean_menu_typo_transform":"","ocean_menu_typo_transform_tablet":"","ocean_menu_typo_transform_mobile":"","ocean_menu_typo_line_height":0,"ocean_menu_typo_line_height_tablet":0,"ocean_menu_typo_line_height_mobile":0,"ocean_menu_typo_line_height_unit":"","ocean_menu_typo_spacing":0,"ocean_menu_typo_spacing_tablet":0,"ocean_menu_typo_spacing_mobile":0,"ocean_menu_typo_spacing_unit":"","ocean_menu_link_color":"","ocean_menu_link_color_hover":"","ocean_menu_link_color_active":"","ocean_menu_link_background":"","ocean_menu_link_hover_background":"","ocean_menu_link_active_background":"","ocean_menu_social_links_bg":"","ocean_menu_social_hover_links_bg":"","ocean_menu_social_links_color":"","ocean_menu_social_hover_links_color":"","ocean_disable_title":"default","ocean_disable_heading":"default","ocean_post_title":"","ocean_post_subheading":"","ocean_post_title_style":"","ocean_post_title_background_color":"","ocean_post_title_background":0,"ocean_post_title_bg_image_position":"","ocean_post_title_bg_image_attachment":"","ocean_post_title_bg_image_repeat":"","ocean_post_title_bg_image_size":"","ocean_post_title_height":0,"ocean_post_title_bg_overlay":0.5,"ocean_post_title_bg_overlay_color":"","ocean_disable_breadcrumbs":"default","ocean_breadcrumbs_color":"","ocean_breadcrumbs_separator_color":"","ocean_breadcrumbs_links_color":"","ocean_breadcrumbs_links_hover_color":"","ocean_display_footer_widgets":"default","ocean_display_footer_bottom":"default","ocean_custom_footer_template":"","footnotes":""},"class_list":["post-1313","page","type-page","status-publish","hentry","entry"],"_links":{"self":[{"href":"https:\/\/ko-antinuisibles.fr\/index.php?rest_route=\/wp\/v2\/pages\/1313","targetHints":{"allow":["GET"]}}],"collection":[{"href":"https:\/\/ko-antinuisibles.fr\/index.php?rest_route=\/wp\/v2\/pages"}],"about":[{"href":"https:\/\/ko-antinuisibles.fr\/index.php?rest_route=\/wp\/v2\/types\/page"}],"author":[{"embeddable":true,"href":"https:\/\/ko-antinuisibles.fr\/index.php?rest_route=\/wp\/v2\/users\/1"}],"replies":[{"embeddable":true,"href":"https:\/\/ko-antinuisibles.fr\/index.php?rest_route=%2Fwp%2Fv2%2Fcomments&post=1313"}],"version-history":[{"count":76,"href":"https:\/\/ko-antinuisibles.fr\/index.php?rest_route=\/wp\/v2\/pages\/1313\/revisions"}],"predecessor-version":[{"id":2949,"href":"https:\/\/ko-antinuisibles.fr\/index.php?rest_route=\/wp\/v2\/pages\/1313\/revisions\/2949"}],"wp:attachment":[{"href":"https:\/\/ko-antinuisibles.fr\/index.php?rest_route=%2Fwp%2Fv2%2Fmedia&parent=1313"}],"curies":[{"name":"wp","href":"https:\/\/api.w.org\/{rel}","templated":true}]}}